{"id":7730,"date":"2025-04-16T01:00:29","date_gmt":"2025-04-15T23:00:29","guid":{"rendered":"https:\/\/www.examenbureaurotterdam.nl\/?post_type=product&#038;p=7730"},"modified":"2025-04-16T01:03:25","modified_gmt":"2025-04-15T23:03:25","slug":"vol-vca-boek-nederlands","status":"publish","type":"product","link":"https:\/\/www.examenbureaurotterdam.nl\/fr\/produit\/vol-vca-boek-nederlands\/","title":{"rendered":"Livre VOL-VCA n\u00e9erlandais"},"content":{"rendered":"","protected":false},"excerpt":{"rendered":"<p class=\"\" data-start=\"144\" data-end=\"525\"><strong data-start=\"144\" data-end=\"249\">Pr\u00e9parez-vous de mani\u00e8re optimale \u00e0 l&#039;examen officiel VOL-VCA avec ce manuel complet et clair.<\/strong><br data-start=\"249\" data-end=\"252\" \/>Le livre VOL-VCA contient tout le mat\u00e9riel p\u00e9dagogique n\u00e9cessaire \u00e0 la formation VCA S\u00e9curit\u00e9 pour les responsables op\u00e9rationnels et est enti\u00e8rement conforme aux exigences d&#039;examen actuelles telles qu&#039;\u00e9tablies par le Coll\u00e8ge central d&#039;experts de la Fondation pour la coop\u00e9ration pour la s\u00e9curit\u00e9 (SSVV).<\/p>\n<p class=\"\" data-start=\"527\" data-end=\"962\">\u2705 <strong data-start=\"529\" data-end=\"563\">8 chapitres clairs<\/strong> \u2013 chaque chapitre se termine par un r\u00e9sum\u00e9 clair et un auto-test avec des questions pratiques sous forme d\u2019examen.<br data-start=\"668\" data-end=\"671\" \/>\u2705 <strong data-start=\"673\" data-end=\"699\">Examen d&#039;essai inclus<\/strong> \u2013 testez vos connaissances et d\u00e9couvrez si vous \u00eates pr\u00eat pour le v\u00e9ritable examen.<br data-start=\"766\" data-end=\"769\" \/>\u2705 <strong data-start=\"771\" data-end=\"796\">Inclut des liens vid\u00e9o<\/strong> \u2013 scannez simplement les QR codes pr\u00e9sents dans le livre pour obtenir des explications suppl\u00e9mentaires via de courtes vid\u00e9os.<br data-start=\"874\" data-end=\"877\" \/>\u2705 <strong data-start=\"879\" data-end=\"922\">Signet de signalisation de s\u00e9curit\u00e9 gratuit<\/strong> \u2013 utile pour l\u2019apprentissage et comme r\u00e9f\u00e9rence.<\/p>\n<p class=\"\" data-start=\"964\" data-end=\"1222\">Le dipl\u00f4me VOL-VCA est le certificat personnel destin\u00e9 aux cadres et aux ind\u00e9pendants qui travaillent dans la construction, l&#039;industrie, la (p\u00e9tro)chimie ou d&#039;autres environnements de travail \u00e0 haut risque. Ce livre vous aidera \u00e0 \u00e9tudier de mani\u00e8re autonome et \u00e0 \u00eatre bien pr\u00e9par\u00e9 pour l&#039;examen.<\/p>\n<p class=\"\" data-start=\"1224\" data-end=\"1303\"><strong data-start=\"1224\" data-end=\"1303\">Commandez d\u00e8s aujourd&#039;hui et commencez \u00e0 apprendre pour votre certificat VOL-VCA imm\u00e9diatement\u00a0!<\/strong><\/p>","protected":false},"featured_media":7731,"template":"","meta":{"_joinchat":[]},"product_brand":[],"product_cat":[48],"product_tag":[],"class_list":{"0":"post-7730","1":"product","2":"type-product","3":"status-publish","4":"has-post-thumbnail","6":"product_cat-vca-boeken","8":"first","9":"instock","10":"taxable","11":"shipping-taxable","12":"purchasable","13":"product-type-simple"},"_links":{"self":[{"href":"https:\/\/www.examenbureaurotterdam.nl\/fr\/wp-json\/wp\/v2\/product\/7730","targetHints":{"allow":["GET"]}}],"collection":[{"href":"https:\/\/www.examenbureaurotterdam.nl\/fr\/wp-json\/wp\/v2\/product"}],"about":[{"href":"https:\/\/www.examenbureaurotterdam.nl\/fr\/wp-json\/wp\/v2\/types\/product"}],"wp:featuredmedia":[{"embeddable":true,"href":"https:\/\/www.examenbureaurotterdam.nl\/fr\/wp-json\/wp\/v2\/media\/7731"}],"wp:attachment":[{"href":"https:\/\/www.examenbureaurotterdam.nl\/fr\/wp-json\/wp\/v2\/media?parent=7730"}],"wp:term":[{"taxonomy":"product_brand","embeddable":true,"href":"https:\/\/www.examenbureaurotterdam.nl\/fr\/wp-json\/wp\/v2\/product_brand?post=7730"},{"taxonomy":"product_cat","embeddable":true,"href":"https:\/\/www.examenbureaurotterdam.nl\/fr\/wp-json\/wp\/v2\/product_cat?post=7730"},{"taxonomy":"product_tag","embeddable":true,"href":"https:\/\/www.examenbureaurotterdam.nl\/fr\/wp-json\/wp\/v2\/product_tag?post=7730"}],"curies":[{"name":"wp","href":"https:\/\/api.w.org\/{rel}","templated":true}]}}