{"id":7726,"date":"2025-04-16T00:55:48","date_gmt":"2025-04-15T22:55:48","guid":{"rendered":"https:\/\/www.examenbureaurotterdam.nl\/?post_type=product&#038;p=7726"},"modified":"2025-04-16T00:57:23","modified_gmt":"2025-04-15T22:57:23","slug":"b-vca-boek-engels","status":"publish","type":"product","link":"https:\/\/www.examenbureaurotterdam.nl\/fr\/produit\/b-vca-boek-engels\/","title":{"rendered":"Livre B-VCA ANGLAIS"},"content":{"rendered":"","protected":false},"excerpt":{"rendered":"<p class=\"\" data-start=\"94\" data-end=\"424\">Pr\u00e9parez-vous minutieusement \u00e0 l&#039;examen officiel B-VCA avec ce livre d&#039;\u00e9tude complet et bien structur\u00e9.<br data-start=\"195\" data-end=\"198\" \/>Le livre B-VCA contient tout le mat\u00e9riel requis pour le cours de s\u00e9curit\u00e9 de base VCA et est enti\u00e8rement conforme aux exigences d&#039;examen actuelles d\u00e9finies par le Comit\u00e9 central d&#039;experts de la Fondation pour la coop\u00e9ration en mati\u00e8re de s\u00e9curit\u00e9 (SSVV).<\/p>\n<p class=\"\" data-start=\"426\" data-end=\"852\">\u2705 <strong data-start=\"428\" data-end=\"458\">8 chapitres bien structur\u00e9s<\/strong> \u2013 chaque chapitre se termine par un r\u00e9sum\u00e9 clair et un auto-test avec des questions pratiques sous forme d\u2019examen.<br data-start=\"555\" data-end=\"558\" \/>\u2705 <strong data-start=\"560\" data-end=\"586\">Examen pratique inclus<\/strong> \u2013 testez vos connaissances et d\u00e9couvrez si vous \u00eates pr\u00eat pour le v\u00e9ritable examen.<br data-start=\"656\" data-end=\"659\" \/>\u2705 <strong data-start=\"661\" data-end=\"685\">Inclut des liens vid\u00e9o<\/strong> \u2013 scannez facilement les codes QR du livre pour des explications suppl\u00e9mentaires via de courtes vid\u00e9os.<br data-start=\"765\" data-end=\"768\" \/>\u2705 <strong data-start=\"770\" data-end=\"805\">Marque-page gratuit avec des panneaux de s\u00e9curit\u00e9<\/strong> \u2013 utile pour \u00e9tudier et comme outil de r\u00e9f\u00e9rence.<\/p>\n<p class=\"\" data-start=\"854\" data-end=\"1075\">Le certificat B-VCA est la certification personnelle de r\u00e9f\u00e9rence pour toute personne travaillant dans la construction, la (p\u00e9tro)chimie, l&#039;industrie et les secteurs connexes. Ce livre vous aide \u00e0 \u00e9tudier de mani\u00e8re autonome et \u00e0 vous pr\u00e9parer minutieusement \u00e0 l&#039;examen.<\/p>\n<p class=\"\" data-start=\"1077\" data-end=\"1150\"><strong data-start=\"1077\" data-end=\"1150\">Commandez d\u00e8s aujourd&#039;hui et commencez \u00e0 \u00e9tudier pour votre certificat B-VCA imm\u00e9diatement !<\/strong><\/p>","protected":false},"featured_media":7727,"template":"","meta":{"_joinchat":[]},"product_brand":[],"product_cat":[48],"product_tag":[],"class_list":{"0":"post-7726","1":"product","2":"type-product","3":"status-publish","4":"has-post-thumbnail","6":"product_cat-vca-boeken","8":"first","9":"instock","10":"taxable","11":"shipping-taxable","12":"purchasable","13":"product-type-simple"},"_links":{"self":[{"href":"https:\/\/www.examenbureaurotterdam.nl\/fr\/wp-json\/wp\/v2\/product\/7726","targetHints":{"allow":["GET"]}}],"collection":[{"href":"https:\/\/www.examenbureaurotterdam.nl\/fr\/wp-json\/wp\/v2\/product"}],"about":[{"href":"https:\/\/www.examenbureaurotterdam.nl\/fr\/wp-json\/wp\/v2\/types\/product"}],"wp:featuredmedia":[{"embeddable":true,"href":"https:\/\/www.examenbureaurotterdam.nl\/fr\/wp-json\/wp\/v2\/media\/7727"}],"wp:attachment":[{"href":"https:\/\/www.examenbureaurotterdam.nl\/fr\/wp-json\/wp\/v2\/media?parent=7726"}],"wp:term":[{"taxonomy":"product_brand","embeddable":true,"href":"https:\/\/www.examenbureaurotterdam.nl\/fr\/wp-json\/wp\/v2\/product_brand?post=7726"},{"taxonomy":"product_cat","embeddable":true,"href":"https:\/\/www.examenbureaurotterdam.nl\/fr\/wp-json\/wp\/v2\/product_cat?post=7726"},{"taxonomy":"product_tag","embeddable":true,"href":"https:\/\/www.examenbureaurotterdam.nl\/fr\/wp-json\/wp\/v2\/product_tag?post=7726"}],"curies":[{"name":"wp","href":"https:\/\/api.w.org\/{rel}","templated":true}]}}