{"id":7178,"date":"2025-03-20T21:57:26","date_gmt":"2025-03-20T19:57:26","guid":{"rendered":"https:\/\/www.examenbureaurotterdam.nl\/?post_type=product&#038;p=7178"},"modified":"2025-04-15T23:59:06","modified_gmt":"2025-04-15T21:59:06","slug":"pe-oefenexamen-schade-particulier","status":"publish","type":"product","link":"https:\/\/www.examenbureaurotterdam.nl\/fr\/produit\/pe-oefenexamen-schade-particulier\/","title":{"rendered":"PE Damage Private"},"content":{"rendered":"","protected":false},"excerpt":{"rendered":"<p class=\"\" data-start=\"139\" data-end=\"344\">Voulez-vous vous assurer que vous \u00eates pr\u00eat pour l&#039;examen PE Wft Schade Particulier ? Entra\u00eenez-vous avec des examens pratiques r\u00e9alistes et d\u00e9couvrez o\u00f9 vous en \u00eates ! Avec des commentaires clairs et des conseils utiles, vous serez bien pr\u00e9par\u00e9.<\/p>\n<p class=\"\" data-start=\"346\" data-end=\"571\">\u2705 <strong>2 examens pratiques<\/strong> \u2013 des questions r\u00e9alistes<br data-start=\"384\" data-end=\"387\" \/>\u2705 <strong>Commentaires sur les r\u00e9ponses<\/strong> \u2013 apprendre et s\u2019am\u00e9liorer<br data-start=\"430\" data-end=\"433\" \/>\u2705 <strong>Conseils pour les examens<\/strong> \u2013 passez l\u2019examen en toute confiance<br data-start=\"479\" data-end=\"482\" \/>\u2705 <strong>Passez l&#039;examen 3 fois<\/strong> \u2013 pratique suppl\u00e9mentaire<br data-start=\"519\" data-end=\"522\" \/>\u2705 <strong>Acc\u00e8s de 6 mois<\/strong> \u2013 \u00e9tudiez \u00e0 votre rythme<\/p>\n<p class=\"\" data-start=\"573\" data-end=\"668\"><strong data-start=\"573\" data-end=\"665\">Pr\u00e9parez-vous de mani\u00e8re optimale et testez vos connaissances d\u00e8s aujourd&#039;hui ! Commencez les examens pratiques imm\u00e9diatement.<\/strong><\/p>","protected":false},"featured_media":7717,"template":"","meta":{"_joinchat":[]},"product_brand":[],"product_cat":[47],"product_tag":[],"class_list":{"0":"post-7178","1":"product","2":"type-product","3":"status-publish","4":"has-post-thumbnail","6":"product_cat-pe-oefenexamens","8":"first","9":"instock","10":"taxable","11":"shipping-taxable","12":"purchasable","13":"product-type-simple"},"_links":{"self":[{"href":"https:\/\/www.examenbureaurotterdam.nl\/fr\/wp-json\/wp\/v2\/product\/7178","targetHints":{"allow":["GET"]}}],"collection":[{"href":"https:\/\/www.examenbureaurotterdam.nl\/fr\/wp-json\/wp\/v2\/product"}],"about":[{"href":"https:\/\/www.examenbureaurotterdam.nl\/fr\/wp-json\/wp\/v2\/types\/product"}],"wp:featuredmedia":[{"embeddable":true,"href":"https:\/\/www.examenbureaurotterdam.nl\/fr\/wp-json\/wp\/v2\/media\/7717"}],"wp:attachment":[{"href":"https:\/\/www.examenbureaurotterdam.nl\/fr\/wp-json\/wp\/v2\/media?parent=7178"}],"wp:term":[{"taxonomy":"product_brand","embeddable":true,"href":"https:\/\/www.examenbureaurotterdam.nl\/fr\/wp-json\/wp\/v2\/product_brand?post=7178"},{"taxonomy":"product_cat","embeddable":true,"href":"https:\/\/www.examenbureaurotterdam.nl\/fr\/wp-json\/wp\/v2\/product_cat?post=7178"},{"taxonomy":"product_tag","embeddable":true,"href":"https:\/\/www.examenbureaurotterdam.nl\/fr\/wp-json\/wp\/v2\/product_tag?post=7178"}],"curies":[{"name":"wp","href":"https:\/\/api.w.org\/{rel}","templated":true}]}}