{"id":7173,"date":"2025-03-20T21:52:42","date_gmt":"2025-03-20T19:52:42","guid":{"rendered":"https:\/\/www.examenbureaurotterdam.nl\/?post_type=product&#038;p=7173"},"modified":"2025-04-15T23:05:08","modified_gmt":"2025-04-15T21:05:08","slug":"pe-inkomen","status":"publish","type":"product","link":"https:\/\/www.examenbureaurotterdam.nl\/fr\/produit\/pe-inkomen\/","title":{"rendered":"Revenu PE"},"content":{"rendered":"","protected":false},"excerpt":{"rendered":"<p class=\"\" data-start=\"140\" data-end=\"444\">Voulez-vous conserver votre certification Wft Income et r\u00e9ussir sans effort l&#039;examen PE Income ? Gr\u00e2ce \u00e0 notre auto-apprentissage en ligne complet, vous apprendrez exactement ce que vous devez savoir, o\u00f9 et quand vous le souhaitez. Pratiquez des questions, recevez des commentaires et pr\u00e9parez-vous de mani\u00e8re optimale avec des examens pratiques r\u00e9alistes et des conseils pratiques.<\/p>\n<p class=\"\" data-start=\"446\" data-end=\"791\">\u2705 <strong>Auto-apprentissage complet<\/strong> \u2013 \u00e9tudier de mani\u00e8re flexible<br data-start=\"486\" data-end=\"489\" \/>\u2705 <strong>Plus de 160 questions pratiques<\/strong> \u2013 renforcer vos connaissances<br data-start=\"536\" data-end=\"539\" \/>\u2705<strong> 2 examens pratiques officiels<\/strong> \u2013 examens pratiques r\u00e9alistes<br data-start=\"593\" data-end=\"596\" \/>\u2705 <strong>Commentaires sur toutes les r\u00e9ponses<\/strong> \u2013 apprendre et s\u2019am\u00e9liorer<br data-start=\"644\" data-end=\"647\" \/>\u2705 <strong>Conseils pour l&#039;examen pratique<\/strong> \u2013 certainement l\u2019examen<br data-start=\"689\" data-end=\"692\" \/>\u2705 <strong>Passez l&#039;examen 3 fois<\/strong> \u2013 entra\u00eenement suppl\u00e9mentaire pour r\u00e9ussir<br data-start=\"742\" data-end=\"745\" data-is-only-node=\"\" \/>\u2705 <strong>Acc\u00e8s de 6 mois<\/strong> \u2013 apprenez \u00e0 votre rythme<\/p>\n<p class=\"\" data-start=\"793\" data-end=\"851\"><strong data-start=\"793\" data-end=\"851\">Pr\u00eat \u00e0 commencer ? Inscrivez-vous maintenant et commencez tout de suite !<\/strong><\/p>","protected":false},"featured_media":7713,"template":"","meta":{"_joinchat":[]},"product_brand":[],"product_cat":[46],"product_tag":[],"class_list":{"0":"post-7173","1":"product","2":"type-product","3":"status-publish","4":"has-post-thumbnail","6":"product_cat-pe-e-learning","8":"first","9":"instock","10":"taxable","11":"shipping-taxable","12":"purchasable","13":"product-type-simple"},"_links":{"self":[{"href":"https:\/\/www.examenbureaurotterdam.nl\/fr\/wp-json\/wp\/v2\/product\/7173","targetHints":{"allow":["GET"]}}],"collection":[{"href":"https:\/\/www.examenbureaurotterdam.nl\/fr\/wp-json\/wp\/v2\/product"}],"about":[{"href":"https:\/\/www.examenbureaurotterdam.nl\/fr\/wp-json\/wp\/v2\/types\/product"}],"wp:featuredmedia":[{"embeddable":true,"href":"https:\/\/www.examenbureaurotterdam.nl\/fr\/wp-json\/wp\/v2\/media\/7713"}],"wp:attachment":[{"href":"https:\/\/www.examenbureaurotterdam.nl\/fr\/wp-json\/wp\/v2\/media?parent=7173"}],"wp:term":[{"taxonomy":"product_brand","embeddable":true,"href":"https:\/\/www.examenbureaurotterdam.nl\/fr\/wp-json\/wp\/v2\/product_brand?post=7173"},{"taxonomy":"product_cat","embeddable":true,"href":"https:\/\/www.examenbureaurotterdam.nl\/fr\/wp-json\/wp\/v2\/product_cat?post=7173"},{"taxonomy":"product_tag","embeddable":true,"href":"https:\/\/www.examenbureaurotterdam.nl\/fr\/wp-json\/wp\/v2\/product_tag?post=7173"}],"curies":[{"name":"wp","href":"https:\/\/api.w.org\/{rel}","templated":true}]}}