{"id":7158,"date":"2025-03-20T19:31:14","date_gmt":"2025-03-20T17:31:14","guid":{"rendered":"https:\/\/www.examenbureaurotterdam.nl\/?post_type=product&#038;p=7158"},"modified":"2025-04-16T00:22:13","modified_gmt":"2025-04-15T22:22:13","slug":"wft-schade-zakelijk-oefenexamens","status":"publish","type":"product","link":"https:\/\/www.examenbureaurotterdam.nl\/fr\/produit\/wft-schade-zakelijk-oefenexamens\/","title":{"rendered":"Examens de pratique commerciale sur les dommages WFT"},"content":{"rendered":"","protected":false},"excerpt":{"rendered":"<p class=\"\" data-start=\"148\" data-end=\"321\">Voulez-vous vous assurer que vous \u00eates bien pr\u00e9par\u00e9 pour l&#039;examen Wft Schade Zakelijk ? Gr\u00e2ce \u00e0 ces examens pratiques r\u00e9alistes, vous d\u00e9couvrirez exactement o\u00f9 vous en \u00eates et sur quoi vous pouvez encore travailler.<\/p>\n<p class=\"\" data-start=\"323\" data-end=\"548\">\u2705 <strong>3 examens pratiques<\/strong> \u2013 des questions r\u00e9alistes<br data-start=\"361\" data-end=\"364\" \/>\u2705 <strong>Commentaires sur les r\u00e9ponses<\/strong> \u2013 apprendre et s\u2019am\u00e9liorer<br data-start=\"407\" data-end=\"410\" \/>\u2705 <strong>Conseils pour les examens<\/strong> \u2013 passez l\u2019examen en toute confiance<br data-start=\"456\" data-end=\"459\" \/>\u2705 <strong>Passez l&#039;examen 3 fois<\/strong> \u2013 pratique suppl\u00e9mentaire<br data-start=\"496\" data-end=\"499\" \/>\u2705 <strong>Acc\u00e8s de 6 mois<\/strong> \u2013 \u00e9tudiez \u00e0 votre rythme<\/p>\n<p class=\"\" data-start=\"550\" data-end=\"645\"><strong data-start=\"550\" data-end=\"642\">Pr\u00e9parez-vous de mani\u00e8re optimale et testez vos connaissances d\u00e8s aujourd&#039;hui ! Commencez les examens pratiques imm\u00e9diatement.<\/strong><\/p>","protected":false},"featured_media":7717,"template":"","meta":{"_joinchat":[]},"product_brand":[],"product_cat":[45],"product_tag":[],"class_list":{"0":"post-7158","1":"product","2":"type-product","3":"status-publish","4":"has-post-thumbnail","6":"product_cat-wft-oefenexamens","8":"first","9":"instock","10":"taxable","11":"shipping-taxable","12":"purchasable","13":"product-type-simple"},"_links":{"self":[{"href":"https:\/\/www.examenbureaurotterdam.nl\/fr\/wp-json\/wp\/v2\/product\/7158","targetHints":{"allow":["GET"]}}],"collection":[{"href":"https:\/\/www.examenbureaurotterdam.nl\/fr\/wp-json\/wp\/v2\/product"}],"about":[{"href":"https:\/\/www.examenbureaurotterdam.nl\/fr\/wp-json\/wp\/v2\/types\/product"}],"wp:featuredmedia":[{"embeddable":true,"href":"https:\/\/www.examenbureaurotterdam.nl\/fr\/wp-json\/wp\/v2\/media\/7717"}],"wp:attachment":[{"href":"https:\/\/www.examenbureaurotterdam.nl\/fr\/wp-json\/wp\/v2\/media?parent=7158"}],"wp:term":[{"taxonomy":"product_brand","embeddable":true,"href":"https:\/\/www.examenbureaurotterdam.nl\/fr\/wp-json\/wp\/v2\/product_brand?post=7158"},{"taxonomy":"product_cat","embeddable":true,"href":"https:\/\/www.examenbureaurotterdam.nl\/fr\/wp-json\/wp\/v2\/product_cat?post=7158"},{"taxonomy":"product_tag","embeddable":true,"href":"https:\/\/www.examenbureaurotterdam.nl\/fr\/wp-json\/wp\/v2\/product_tag?post=7158"}],"curies":[{"name":"wp","href":"https:\/\/api.w.org\/{rel}","templated":true}]}}