{"id":7145,"date":"2025-03-20T15:14:46","date_gmt":"2025-03-20T13:14:46","guid":{"rendered":"https:\/\/www.examenbureaurotterdam.nl\/?post_type=product&#038;p=7145"},"modified":"2025-04-15T22:25:20","modified_gmt":"2025-04-15T20:25:20","slug":"wft-schade-zakelijk","status":"publish","type":"product","link":"https:\/\/www.examenbureaurotterdam.nl\/fr\/produit\/wft-schade-zakelijk\/","title":{"rendered":"Entreprise de dommages WFT"},"content":{"rendered":"","protected":false},"excerpt":{"rendered":"<p class=\"\" data-start=\"180\" data-end=\"456\">Voulez-vous r\u00e9ussir sans effort l&#039;examen Wft Damage Business ? Gr\u00e2ce \u00e0 notre auto-apprentissage en ligne complet, vous apprendrez exactement ce que vous devez savoir, o\u00f9 et quand vous le souhaitez. Pratiquez des questions, recevez des commentaires instantan\u00e9s et pr\u00e9parez-vous de mani\u00e8re optimale avec des examens pratiques r\u00e9alistes et des conseils intelligents.<\/p>\n<p class=\"\" data-start=\"458\" data-end=\"796\">\u2705 <strong>Auto-apprentissage complet<\/strong> \u2013 \u00e9tudier de mani\u00e8re flexible<br data-start=\"498\" data-end=\"501\" \/>\u2705 <strong>450 questions pratiques<\/strong> \u2013 renforcer vos connaissances<br data-start=\"539\" data-end=\"542\" \/>\u2705 <strong>3 examens pratiques officiels<\/strong> \u2013 examens pratiques r\u00e9alistes<br data-start=\"596\" data-end=\"599\" \/>\u2705 <strong>Commentaires sur toutes les r\u00e9ponses<\/strong> \u2013 apprendre et s\u2019am\u00e9liorer<br data-start=\"647\" data-end=\"650\" \/>\u2705 <strong>Conseils pour l&#039;examen pratique<\/strong> \u2013 certainement l\u2019examen<br data-start=\"692\" data-end=\"695\" \/>\u2705 <strong>Passez l&#039;examen 3 fois<\/strong> \u2013 entra\u00eenement suppl\u00e9mentaire pour r\u00e9ussir<br data-start=\"746\" data-end=\"749\" \/>\u2705 <strong>Acc\u00e8s de 12 mois<\/strong> \u2013 apprenez \u00e0 votre rythme<\/p>\n<p class=\"\" data-start=\"798\" data-end=\"814\"><strong data-start=\"798\" data-end=\"814\">Qu&#039;apprenez-vous ?<\/strong><\/p>\n<ul>\n<li data-start=\"816\" data-end=\"997\">Assurance incendie et perte d&#039;exploitation<\/li>\n<li data-start=\"816\" data-end=\"997\">Incoterms et assurance transport<\/li>\n<li data-start=\"816\" data-end=\"997\">Droit de la responsabilit\u00e9 et assurance responsabilit\u00e9 civile<\/li>\n<li data-start=\"816\" data-end=\"997\">Syst\u00e8me de sant\u00e9 aux Pays-Bas et assurance maladie<\/li>\n<li data-start=\"816\" data-end=\"997\">Assurance technique<\/li>\n<\/ul>\n<p class=\"\" data-start=\"999\" data-end=\"1093\"><strong>Niveau:<\/strong> MBO+<br data-start=\"1011\" data-end=\"1014\" \/><strong>Formation ant\u00e9rieure :<\/strong> Wft Basic et Wft Damage Private<br data-start=\"1063\" data-end=\"1066\" \/><strong>Charge d&#039;\u00e9tude :<\/strong> \u00b1 80 heures<\/p>\n<p class=\"\" data-start=\"1095\" data-end=\"1153\"><strong data-start=\"1095\" data-end=\"1153\">Pr\u00eat \u00e0 commencer ? Inscrivez-vous maintenant et commencez tout de suite !<\/strong><\/p>","protected":false},"featured_media":7713,"template":"","meta":{"_joinchat":[]},"product_brand":[],"product_cat":[44],"product_tag":[],"class_list":{"0":"post-7145","1":"product","2":"type-product","3":"status-publish","4":"has-post-thumbnail","6":"product_cat-wft-e-learning","8":"first","9":"instock","10":"taxable","11":"shipping-taxable","12":"purchasable","13":"product-type-simple"},"_links":{"self":[{"href":"https:\/\/www.examenbureaurotterdam.nl\/fr\/wp-json\/wp\/v2\/product\/7145","targetHints":{"allow":["GET"]}}],"collection":[{"href":"https:\/\/www.examenbureaurotterdam.nl\/fr\/wp-json\/wp\/v2\/product"}],"about":[{"href":"https:\/\/www.examenbureaurotterdam.nl\/fr\/wp-json\/wp\/v2\/types\/product"}],"wp:featuredmedia":[{"embeddable":true,"href":"https:\/\/www.examenbureaurotterdam.nl\/fr\/wp-json\/wp\/v2\/media\/7713"}],"wp:attachment":[{"href":"https:\/\/www.examenbureaurotterdam.nl\/fr\/wp-json\/wp\/v2\/media?parent=7145"}],"wp:term":[{"taxonomy":"product_brand","embeddable":true,"href":"https:\/\/www.examenbureaurotterdam.nl\/fr\/wp-json\/wp\/v2\/product_brand?post=7145"},{"taxonomy":"product_cat","embeddable":true,"href":"https:\/\/www.examenbureaurotterdam.nl\/fr\/wp-json\/wp\/v2\/product_cat?post=7145"},{"taxonomy":"product_tag","embeddable":true,"href":"https:\/\/www.examenbureaurotterdam.nl\/fr\/wp-json\/wp\/v2\/product_tag?post=7145"}],"curies":[{"name":"wp","href":"https:\/\/api.w.org\/{rel}","templated":true}]}}