{"id":7140,"date":"2025-03-20T11:33:55","date_gmt":"2025-03-20T09:33:55","guid":{"rendered":"https:\/\/www.examenbureaurotterdam.nl\/?post_type=product&#038;p=7140"},"modified":"2025-04-15T22:48:23","modified_gmt":"2025-04-15T20:48:23","slug":"wft-schade-particulier","status":"publish","type":"product","link":"https:\/\/www.examenbureaurotterdam.nl\/fr\/produit\/wft-schade-particulier\/","title":{"rendered":"WFT Dommages Priv\u00e9s"},"content":{"rendered":"","protected":false},"excerpt":{"rendered":"<p class=\"\" data-start=\"174\" data-end=\"441\">Vous souhaitez obtenir sans effort votre certificat Wft Private Damage ? Gr\u00e2ce \u00e0 notre auto-apprentissage en ligne complet, vous \u00eates parfaitement pr\u00e9par\u00e9 \u00e0 l&#039;examen officiel. Ce cours fournit tout ce dont vous avez besoin pour r\u00e9ussir, y compris des questions pratiques, des examens pratiques et des conseils utiles pour l&#039;examen.<\/p>\n<p class=\"\" data-start=\"443\" data-end=\"818\">\u2705 <strong>Auto-apprentissage complet<\/strong> \u2013 \u00e9tudiez \u00e0 votre rythme<br data-start=\"492\" data-end=\"495\" \/>\u2705 <strong>390 questions pratiques<\/strong> \u2013 testez vos connaissances de mani\u00e8re approfondie<br data-start=\"540\" data-end=\"543\" \/>\u2705 <strong>4 examens pratiques officiels<\/strong> \u2013 des questions d\u2019examen r\u00e9alistes<br data-start=\"597\" data-end=\"600\" \/>\u2705 <strong>Commentaires sur toutes les r\u00e9ponses<\/strong> \u2013 apprendre et s\u2019am\u00e9liorer<br data-start=\"650\" data-end=\"653\" \/>\u2705 <strong>Conseils pour l&#039;examen pratique<\/strong>\u00a0\u2013 certainement l\u2019examen<br data-start=\"706\" data-end=\"709\" \/>\u2705 <strong>Passez l&#039;examen 3 fois<\/strong> \u2013 entra\u00eenement suppl\u00e9mentaire pour r\u00e9ussir<br data-start=\"759\" data-end=\"762\" \/>\u2705<strong> Acc\u00e8s de 12 mois <\/strong>\u2013 apprenez \u00e0 votre rythme<\/p>\n<p class=\"\" data-start=\"820\" data-end=\"836\"><strong data-start=\"820\" data-end=\"836\">Qu&#039;apprenez-vous ?<\/strong><\/p>\n<ul>\n<li data-start=\"838\" data-end=\"1016\">Droit de la responsabilit\u00e9 et AVP<\/li>\n<li data-start=\"838\" data-end=\"1016\">Assurance incendie<\/li>\n<li data-start=\"838\" data-end=\"1016\">WAM, art. 185 WvW et assurance automobile<\/li>\n<li data-start=\"838\" data-end=\"1016\">Syst\u00e8me de sant\u00e9 aux Pays-Bas et assurance maladie<\/li>\n<li data-start=\"838\" data-end=\"1016\">Autres sujets pertinents<\/li>\n<\/ul>\n<p class=\"\" data-start=\"1018\" data-end=\"1105\"><strong>Niveau:<\/strong> MBO<br data-start=\"1042\" data-end=\"1045\" \/><strong>Formation ant\u00e9rieure :<\/strong> Wft Basic<br data-start=\"1072\" data-end=\"1075\" \/><strong>Charge d&#039;\u00e9tude :<\/strong> \u00b1 70 heures<\/p>\n<p class=\"\" data-start=\"1107\" data-end=\"1165\"><strong data-start=\"1107\" data-end=\"1165\">Pr\u00eat \u00e0 commencer ? Inscrivez-vous maintenant et commencez tout de suite !<\/strong><\/p>","protected":false},"featured_media":7713,"template":"","meta":{"_joinchat":[]},"product_brand":[],"product_cat":[44],"product_tag":[],"class_list":{"0":"post-7140","1":"product","2":"type-product","3":"status-publish","4":"has-post-thumbnail","6":"product_cat-wft-e-learning","8":"first","9":"instock","10":"taxable","11":"shipping-taxable","12":"purchasable","13":"product-type-simple"},"_links":{"self":[{"href":"https:\/\/www.examenbureaurotterdam.nl\/fr\/wp-json\/wp\/v2\/product\/7140","targetHints":{"allow":["GET"]}}],"collection":[{"href":"https:\/\/www.examenbureaurotterdam.nl\/fr\/wp-json\/wp\/v2\/product"}],"about":[{"href":"https:\/\/www.examenbureaurotterdam.nl\/fr\/wp-json\/wp\/v2\/types\/product"}],"wp:featuredmedia":[{"embeddable":true,"href":"https:\/\/www.examenbureaurotterdam.nl\/fr\/wp-json\/wp\/v2\/media\/7713"}],"wp:attachment":[{"href":"https:\/\/www.examenbureaurotterdam.nl\/fr\/wp-json\/wp\/v2\/media?parent=7140"}],"wp:term":[{"taxonomy":"product_brand","embeddable":true,"href":"https:\/\/www.examenbureaurotterdam.nl\/fr\/wp-json\/wp\/v2\/product_brand?post=7140"},{"taxonomy":"product_cat","embeddable":true,"href":"https:\/\/www.examenbureaurotterdam.nl\/fr\/wp-json\/wp\/v2\/product_cat?post=7140"},{"taxonomy":"product_tag","embeddable":true,"href":"https:\/\/www.examenbureaurotterdam.nl\/fr\/wp-json\/wp\/v2\/product_tag?post=7140"}],"curies":[{"name":"wp","href":"https:\/\/api.w.org\/{rel}","templated":true}]}}