{"id":7918,"date":"2025-04-29T12:14:37","date_gmt":"2025-04-29T10:14:37","guid":{"rendered":"https:\/\/www.examenbureaurotterdam.nl\/?post_type=product&#038;p=7918"},"modified":"2025-06-12T15:03:09","modified_gmt":"2025-06-12T13:03:09","slug":"b-vca-nederlands","status":"publish","type":"product","link":"https:\/\/www.examenbureaurotterdam.nl\/de\/produkt\/b-vca-nederlands\/","title":{"rendered":"B-VCA Niederl\u00e4ndisch"},"content":{"rendered":"","protected":false},"excerpt":{"rendered":"<p class=\"\" data-start=\"114\" data-end=\"414\"><strong data-start=\"114\" data-end=\"176\">Sie m\u00f6chten Ihre B-VCA-Pr\u00fcfung schnell und sorgenfrei bestehen?<\/strong><br data-start=\"176\" data-end=\"179\" \/>Mit unserem vollst\u00e4ndigen Online-Selbststudium lernen Sie genau das, was Sie wissen m\u00fcssen \u2013 zu Ihrer eigenen Zeit und in Ihrem eigenen Tempo. \u00dcben Sie mit \u00fcber 190 Fragen, erhalten Sie klares Feedback und bereiten Sie sich optimal mit realistischen \u00dcbungspr\u00fcfungen und praktischen Tipps vor.<\/p>\n<p class=\"\" data-start=\"416\" data-end=\"805\">\u2705 <strong>Komplettes Selbststudium<\/strong> \u2013 flexibel studieren<br data-start=\"479\" data-end=\"482\" \/>\u2705 <strong>Mehr als 190 \u00dcbungsfragen<\/strong> \u2013 vertiefen Sie Ihr Wissen<br data-start=\"537\" data-end=\"540\" \/>\u2705 <strong>2 offizielle \u00dcbungspr\u00fcfungen<\/strong> \u2013 realistische \u00dcbungspr\u00fcfungen<br data-start=\"592\" data-end=\"595\" \/>\u2705 <strong>Feedback zu allen Antworten<\/strong> \u2013 lernen und verbessern<br data-start=\"642\" data-end=\"645\" \/>\u2705 <strong>Praktische Pr\u00fcfungstipps<\/strong> \u2013 auf jeden Fall die Pr\u00fcfung<br data-start=\"703\" data-end=\"706\" \/>\u2705 <strong>3x Probepr\u00fcfung<\/strong> \u2013 zus\u00e4tzliche Chance zum Passen<br data-start=\"755\" data-end=\"758\" \/>\u2705 <strong>6 Monate Zugang<\/strong> \u2013 lernen Sie in Ihrem eigenen Tempo<\/p>\n<p class=\"\" data-start=\"807\" data-end=\"883\"><strong data-start=\"807\" data-end=\"883\">Bereit f\u00fcr Ihr B-VCA? Jetzt registrieren und sofort loslegen!<\/strong><\/p>","protected":false},"featured_media":7713,"template":"","meta":{"_joinchat":[]},"product_brand":[],"product_cat":[56],"product_tag":[],"class_list":{"0":"post-7918","1":"product","2":"type-product","3":"status-publish","4":"has-post-thumbnail","6":"product_cat-vca-e-learning","8":"first","9":"instock","10":"taxable","11":"shipping-taxable","12":"purchasable","13":"product-type-simple"},"_links":{"self":[{"href":"https:\/\/www.examenbureaurotterdam.nl\/de\/wp-json\/wp\/v2\/product\/7918","targetHints":{"allow":["GET"]}}],"collection":[{"href":"https:\/\/www.examenbureaurotterdam.nl\/de\/wp-json\/wp\/v2\/product"}],"about":[{"href":"https:\/\/www.examenbureaurotterdam.nl\/de\/wp-json\/wp\/v2\/types\/product"}],"wp:featuredmedia":[{"embeddable":true,"href":"https:\/\/www.examenbureaurotterdam.nl\/de\/wp-json\/wp\/v2\/media\/7713"}],"wp:attachment":[{"href":"https:\/\/www.examenbureaurotterdam.nl\/de\/wp-json\/wp\/v2\/media?parent=7918"}],"wp:term":[{"taxonomy":"product_brand","embeddable":true,"href":"https:\/\/www.examenbureaurotterdam.nl\/de\/wp-json\/wp\/v2\/product_brand?post=7918"},{"taxonomy":"product_cat","embeddable":true,"href":"https:\/\/www.examenbureaurotterdam.nl\/de\/wp-json\/wp\/v2\/product_cat?post=7918"},{"taxonomy":"product_tag","embeddable":true,"href":"https:\/\/www.examenbureaurotterdam.nl\/de\/wp-json\/wp\/v2\/product_tag?post=7918"}],"curies":[{"name":"wp","href":"https:\/\/api.w.org\/{rel}","templated":true}]}}