{"id":7732,"date":"2025-04-16T01:03:38","date_gmt":"2025-04-15T23:03:38","guid":{"rendered":"https:\/\/www.examenbureaurotterdam.nl\/?post_type=product&#038;p=7732"},"modified":"2025-04-16T01:05:24","modified_gmt":"2025-04-15T23:05:24","slug":"vol-vca-boek-engels","status":"publish","type":"product","link":"https:\/\/www.examenbureaurotterdam.nl\/de\/produkt\/vol-vca-boek-engels\/","title":{"rendered":"VOL-VCA Buch Englisch"},"content":{"rendered":"","protected":false},"excerpt":{"rendered":"<p class=\"\" data-start=\"117\" data-end=\"486\">Bereiten Sie sich mit diesem vollst\u00e4ndigen und gut strukturierten Studienbuch gr\u00fcndlich auf die offizielle VOL-VCA-Pr\u00fcfung vor. Das VOL-VCA-Buch beinhaltet alle notwendigen Lehrmaterialien f\u00fcr die Ausbildung \u201eSicherheit f\u00fcr betriebliche F\u00fchrungskr\u00e4fte VCA\u201c und entspricht vollumf\u00e4nglich den aktuellen Pr\u00fcfungsanforderungen der Zentralen Sachverst\u00e4ndigenschule der SSVV (Stiftung Zusammenarbeit f\u00fcr Sicherheit).<\/p>\n<p class=\"\" data-start=\"488\" data-end=\"912\">\u2705 <strong data-start=\"490\" data-end=\"510\">8 klare Kapitel<\/strong> \u2013 jedes Kapitel endet mit einer pr\u00e4gnanten Zusammenfassung und einem Selbsttest mit \u00dcbungsfragen im Pr\u00fcfungsformat.<br data-start=\"609\" data-end=\"612\" \/>\u2705 <strong data-start=\"614\" data-end=\"640\">Probepr\u00fcfung inklusive<\/strong> \u2013 testen Sie Ihr Wissen und finden Sie heraus, ob Sie f\u00fcr die echte Pr\u00fcfung bereit sind.<br data-start=\"710\" data-end=\"713\" \/>\u2705 <strong data-start=\"715\" data-end=\"739\">Enth\u00e4lt Videolinks<\/strong> \u2013 scannen Sie einfach die QR-Codes im Buch, um auf kurze Videos mit zus\u00e4tzlichen Erkl\u00e4rungen zuzugreifen.<br data-start=\"830\" data-end=\"833\" \/>\u2705 <strong data-start=\"835\" data-end=\"865\">Kostenloses Lesezeichen f\u00fcr Sicherheitsschilder<\/strong> \u2013 ideal zum Lernen und als praktisches Nachschlagewerk.<\/p>\n<p class=\"\" data-start=\"914\" data-end=\"1165\">Das VOL-VCA-Diplom ist die unverzichtbare pers\u00f6nliche Zertifizierung f\u00fcr Vorgesetzte und Selbstst\u00e4ndige im Baugewerbe, in der Industrie, der Petrochemie und anderen Hochrisikosektoren. Dieses Buch unterst\u00fctzt Sie beim selbstst\u00e4ndigen Lernen und bereitet Sie sicher auf die Pr\u00fcfung vor.<\/p>\n<p class=\"\" data-start=\"1167\" data-end=\"1244\"><strong data-start=\"1167\" data-end=\"1244\">Bestellen Sie noch heute und beginnen Sie sofort mit dem Lernen f\u00fcr Ihre VOL-VCA-Zertifizierung!<\/strong><\/p>","protected":false},"featured_media":7733,"template":"","meta":{"_joinchat":[]},"product_brand":[],"product_cat":[48],"product_tag":[],"class_list":{"0":"post-7732","1":"product","2":"type-product","3":"status-publish","4":"has-post-thumbnail","6":"product_cat-vca-boeken","8":"first","9":"instock","10":"taxable","11":"shipping-taxable","12":"purchasable","13":"product-type-simple"},"_links":{"self":[{"href":"https:\/\/www.examenbureaurotterdam.nl\/de\/wp-json\/wp\/v2\/product\/7732","targetHints":{"allow":["GET"]}}],"collection":[{"href":"https:\/\/www.examenbureaurotterdam.nl\/de\/wp-json\/wp\/v2\/product"}],"about":[{"href":"https:\/\/www.examenbureaurotterdam.nl\/de\/wp-json\/wp\/v2\/types\/product"}],"wp:featuredmedia":[{"embeddable":true,"href":"https:\/\/www.examenbureaurotterdam.nl\/de\/wp-json\/wp\/v2\/media\/7733"}],"wp:attachment":[{"href":"https:\/\/www.examenbureaurotterdam.nl\/de\/wp-json\/wp\/v2\/media?parent=7732"}],"wp:term":[{"taxonomy":"product_brand","embeddable":true,"href":"https:\/\/www.examenbureaurotterdam.nl\/de\/wp-json\/wp\/v2\/product_brand?post=7732"},{"taxonomy":"product_cat","embeddable":true,"href":"https:\/\/www.examenbureaurotterdam.nl\/de\/wp-json\/wp\/v2\/product_cat?post=7732"},{"taxonomy":"product_tag","embeddable":true,"href":"https:\/\/www.examenbureaurotterdam.nl\/de\/wp-json\/wp\/v2\/product_tag?post=7732"}],"curies":[{"name":"wp","href":"https:\/\/api.w.org\/{rel}","templated":true}]}}