{"id":7730,"date":"2025-04-16T01:00:29","date_gmt":"2025-04-15T23:00:29","guid":{"rendered":"https:\/\/www.examenbureaurotterdam.nl\/?post_type=product&#038;p=7730"},"modified":"2025-04-16T01:03:25","modified_gmt":"2025-04-15T23:03:25","slug":"vol-vca-boek-nederlands","status":"publish","type":"product","link":"https:\/\/www.examenbureaurotterdam.nl\/de\/produkt\/vol-vca-boek-nederlands\/","title":{"rendered":"VOL-VCA Buch Niederl\u00e4ndisch"},"content":{"rendered":"","protected":false},"excerpt":{"rendered":"<p class=\"\" data-start=\"144\" data-end=\"525\"><strong data-start=\"144\" data-end=\"249\">Bereiten Sie sich mit diesem vollst\u00e4ndigen und \u00fcbersichtlichen Lehrbuch optimal auf die offizielle VOL-VCA-Pr\u00fcfung vor.<\/strong><br data-start=\"249\" data-end=\"252\" \/>Das VOL-VCA-Buch enth\u00e4lt alle notwendigen Lehrmaterialien f\u00fcr die VCA-Schulung \u201eSicherheit f\u00fcr Betriebsleiter\u201c und entspricht voll und ganz den aktuellen Pr\u00fcfungsanforderungen des Zentralen Expertenkollegiums der Stiftung Zusammenarbeit f\u00fcr Sicherheit (SSVV).<\/p>\n<p class=\"\" data-start=\"527\" data-end=\"962\">\u2705 <strong data-start=\"529\" data-end=\"563\">8 klare Kapitel<\/strong> \u2013 jedes Kapitel schlie\u00dft mit einer \u00fcbersichtlichen Zusammenfassung und einem Selbsttest mit \u00dcbungsfragen in Pr\u00fcfungsform ab.<br data-start=\"668\" data-end=\"671\" \/>\u2705 <strong data-start=\"673\" data-end=\"699\">Probepr\u00fcfung inklusive<\/strong> \u2013 testen Sie Ihr Wissen und finden Sie heraus, ob Sie f\u00fcr die echte Pr\u00fcfung bereit sind.<br data-start=\"766\" data-end=\"769\" \/>\u2705 <strong data-start=\"771\" data-end=\"796\">Enth\u00e4lt Videolinks<\/strong> \u2013 scannen Sie einfach die QR-Codes im Buch, um zus\u00e4tzliche Erkl\u00e4rungen in Form von kurzen Videos zu erhalten.<br data-start=\"874\" data-end=\"877\" \/>\u2705 <strong data-start=\"879\" data-end=\"922\">Kostenloses Lesezeichen f\u00fcr Sicherheitsschilder<\/strong> \u2013 n\u00fctzlich zum Lernen und als Referenz.<\/p>\n<p class=\"\" data-start=\"964\" data-end=\"1222\">Das VOL-VCA-Diplom ist das pers\u00f6nliche Zertifikat f\u00fcr Manager und Selbstst\u00e4ndige, die im Baugewerbe, in der Industrie, in der (Petro-)Chemie oder in anderen Arbeitsumgebungen mit hohem Risiko t\u00e4tig sind. Dieses Buch unterst\u00fctzt Sie beim selbstst\u00e4ndigen Lernen und bereitet Sie optimal auf die Pr\u00fcfung vor.<\/p>\n<p class=\"\" data-start=\"1224\" data-end=\"1303\"><strong data-start=\"1224\" data-end=\"1303\">Bestellen Sie noch heute und beginnen Sie sofort mit dem Lernen f\u00fcr Ihr VOL-VCA-Zertifikat!<\/strong><\/p>","protected":false},"featured_media":7731,"template":"","meta":{"_joinchat":[]},"product_brand":[],"product_cat":[48],"product_tag":[],"class_list":{"0":"post-7730","1":"product","2":"type-product","3":"status-publish","4":"has-post-thumbnail","6":"product_cat-vca-boeken","8":"first","9":"instock","10":"taxable","11":"shipping-taxable","12":"purchasable","13":"product-type-simple"},"_links":{"self":[{"href":"https:\/\/www.examenbureaurotterdam.nl\/de\/wp-json\/wp\/v2\/product\/7730","targetHints":{"allow":["GET"]}}],"collection":[{"href":"https:\/\/www.examenbureaurotterdam.nl\/de\/wp-json\/wp\/v2\/product"}],"about":[{"href":"https:\/\/www.examenbureaurotterdam.nl\/de\/wp-json\/wp\/v2\/types\/product"}],"wp:featuredmedia":[{"embeddable":true,"href":"https:\/\/www.examenbureaurotterdam.nl\/de\/wp-json\/wp\/v2\/media\/7731"}],"wp:attachment":[{"href":"https:\/\/www.examenbureaurotterdam.nl\/de\/wp-json\/wp\/v2\/media?parent=7730"}],"wp:term":[{"taxonomy":"product_brand","embeddable":true,"href":"https:\/\/www.examenbureaurotterdam.nl\/de\/wp-json\/wp\/v2\/product_brand?post=7730"},{"taxonomy":"product_cat","embeddable":true,"href":"https:\/\/www.examenbureaurotterdam.nl\/de\/wp-json\/wp\/v2\/product_cat?post=7730"},{"taxonomy":"product_tag","embeddable":true,"href":"https:\/\/www.examenbureaurotterdam.nl\/de\/wp-json\/wp\/v2\/product_tag?post=7730"}],"curies":[{"name":"wp","href":"https:\/\/api.w.org\/{rel}","templated":true}]}}