{"id":7728,"date":"2025-04-16T00:58:46","date_gmt":"2025-04-15T22:58:46","guid":{"rendered":"https:\/\/www.examenbureaurotterdam.nl\/?post_type=product&#038;p=7728"},"modified":"2025-04-16T00:59:39","modified_gmt":"2025-04-15T22:59:39","slug":"b-vca-boek-pools","status":"publish","type":"product","link":"https:\/\/www.examenbureaurotterdam.nl\/de\/produkt\/b-vca-boek-pools\/","title":{"rendered":"B-VCA Buch Polnisch"},"content":{"rendered":"","protected":false},"excerpt":{"rendered":"<p class=\"\" data-start=\"74\" data-end=\"430\"><strong data-start=\"74\" data-end=\"180\">Es handelt sich dabei um eine vollst\u00e4ndige Komplement\u00e4rl\u00f6sung f\u00fcr den offiziellen B-VCA-Server, die vollst\u00e4ndig und mit hoher Qualit\u00e4t ausgestattet ist.<\/strong><br data-start=\"180\" data-end=\"183\" \/>Ksi\u0105\u017cka B-VCA hat noch nie zuvor Material f\u00fcr den Kurs ausgew\u00e4hlt. VCA ist in der Lage, den aktuellen Stand der Technik zu gew\u00e4hrleisten Bezpiecze\u0144stwa (SSVV).<\/p>\n<p class=\"\" data-start=\"432\" data-end=\"921\">\u2705 <strong data-start=\"434\" data-end=\"464\">8 kleine Rosen<\/strong> \u2013 Ka\u017cdy rozdzia\u0142 ko\u0144czy si\u0119 jasnym podsulocalm oraz testem sprawdzaj\u0105cym z pytaniami w formie egzaminacyjnej.<br data-start=\"576\" data-end=\"579\" \/>\u2705 <strong data-start=\"581\" data-end=\"610\">Egzamin versuchte es in sechs Monaten<\/strong> \u2013 Nach dem Einschlafen ist alles in Ordnung.<br data-start=\"688\" data-end=\"691\" \/>\u2705 <strong data-start=\"693\" data-end=\"719\">Sehen Sie sich die Videolinks an<\/strong> \u2013 \u0142atwo zeskanuj kody QR w ksi\u0105\u017cce, by uzyska\u0107 dodatkowe wyja\u015bnienia w formie kr\u00f3tkich film\u00f3w.<br data-start=\"815\" data-end=\"818\" \/>\u2705 <strong data-start=\"820\" data-end=\"865\">Darmowa zak\u0142adka znakami bezpiecze\u0144stwa<\/strong> \u2013 przydatna podczas nauki und jako materie\u0142 referencyjny.<\/p>\n<p class=\"\" data-start=\"923\" data-end=\"1170\">Zertifikat B-VCA zur \u00dcberpr\u00fcfung der erforderlichen Dokumentation hinsichtlich der Qualit\u00e4t der durchgef\u00fchrten Tests in der (Petro-)Chemie, im industriellen und industriellen Sektor. Es ist wichtig, dass Sie sich keine Sorgen mehr machen und keine Kompromisse eingehen.<\/p>\n<p class=\"\" data-start=\"1172\" data-end=\"1236\"><strong data-start=\"1172\" data-end=\"1236\">Es ist Zeit, wieder an Ihrer B-VCA-Zertifizierung zu arbeiten!<\/strong><\/p>","protected":false},"featured_media":7729,"template":"","meta":{"_joinchat":[]},"product_brand":[],"product_cat":[48],"product_tag":[],"class_list":{"0":"post-7728","1":"product","2":"type-product","3":"status-publish","4":"has-post-thumbnail","6":"product_cat-vca-boeken","8":"first","9":"instock","10":"taxable","11":"shipping-taxable","12":"purchasable","13":"product-type-simple"},"_links":{"self":[{"href":"https:\/\/www.examenbureaurotterdam.nl\/de\/wp-json\/wp\/v2\/product\/7728","targetHints":{"allow":["GET"]}}],"collection":[{"href":"https:\/\/www.examenbureaurotterdam.nl\/de\/wp-json\/wp\/v2\/product"}],"about":[{"href":"https:\/\/www.examenbureaurotterdam.nl\/de\/wp-json\/wp\/v2\/types\/product"}],"wp:featuredmedia":[{"embeddable":true,"href":"https:\/\/www.examenbureaurotterdam.nl\/de\/wp-json\/wp\/v2\/media\/7729"}],"wp:attachment":[{"href":"https:\/\/www.examenbureaurotterdam.nl\/de\/wp-json\/wp\/v2\/media?parent=7728"}],"wp:term":[{"taxonomy":"product_brand","embeddable":true,"href":"https:\/\/www.examenbureaurotterdam.nl\/de\/wp-json\/wp\/v2\/product_brand?post=7728"},{"taxonomy":"product_cat","embeddable":true,"href":"https:\/\/www.examenbureaurotterdam.nl\/de\/wp-json\/wp\/v2\/product_cat?post=7728"},{"taxonomy":"product_tag","embeddable":true,"href":"https:\/\/www.examenbureaurotterdam.nl\/de\/wp-json\/wp\/v2\/product_tag?post=7728"}],"curies":[{"name":"wp","href":"https:\/\/api.w.org\/{rel}","templated":true}]}}