{"id":7726,"date":"2025-04-16T00:55:48","date_gmt":"2025-04-15T22:55:48","guid":{"rendered":"https:\/\/www.examenbureaurotterdam.nl\/?post_type=product&#038;p=7726"},"modified":"2025-04-16T00:57:23","modified_gmt":"2025-04-15T22:57:23","slug":"b-vca-boek-engels","status":"publish","type":"product","link":"https:\/\/www.examenbureaurotterdam.nl\/de\/produkt\/b-vca-boek-engels\/","title":{"rendered":"B-VCA Buch ENGLISCH"},"content":{"rendered":"","protected":false},"excerpt":{"rendered":"<p class=\"\" data-start=\"94\" data-end=\"424\">Bereiten Sie sich mit diesem vollst\u00e4ndigen und gut strukturierten Studienbuch gr\u00fcndlich auf die offizielle B-VCA-Pr\u00fcfung vor.<br data-start=\"195\" data-end=\"198\" \/>Das B-VCA-Buch enth\u00e4lt alle erforderlichen Materialien f\u00fcr den Kurs \u201eBasic Safety VCA\u201c und entspricht in vollem Umfang den aktuellen Pr\u00fcfungsanforderungen des Zentralen Fachausschusses der Stiftung Zusammenarbeit f\u00fcr Sicherheit (SSVV).<\/p>\n<p class=\"\" data-start=\"426\" data-end=\"852\">\u2705 <strong data-start=\"428\" data-end=\"458\">8 gut strukturierte Kapitel<\/strong> \u2013 jedes Kapitel endet mit einer \u00fcbersichtlichen Zusammenfassung und einem Selbsttest mit \u00dcbungsfragen im Pr\u00fcfungsformat.<br data-start=\"555\" data-end=\"558\" \/>\u2705 <strong data-start=\"560\" data-end=\"586\">Probepr\u00fcfung inklusive<\/strong> \u2013 testen Sie Ihr Wissen und finden Sie heraus, ob Sie f\u00fcr die echte Pr\u00fcfung bereit sind.<br data-start=\"656\" data-end=\"659\" \/>\u2705 <strong data-start=\"661\" data-end=\"685\">Enth\u00e4lt Videolinks<\/strong> \u2013 scannen Sie einfach die QR-Codes im Buch, um zus\u00e4tzliche Erkl\u00e4rungen in Form kurzer Videos zu erhalten.<br data-start=\"765\" data-end=\"768\" \/>\u2705 <strong data-start=\"770\" data-end=\"805\">Kostenloses Lesezeichen mit Sicherheitszeichen<\/strong> \u2013 n\u00fctzlich zum Lernen und als Nachschlagewerk.<\/p>\n<p class=\"\" data-start=\"854\" data-end=\"1075\">Das B-VCA-Zertifikat ist die f\u00fchrende Personenzertifizierung f\u00fcr alle, die im Baugewerbe, in der (Petro-)Chemie, der Industrie und verwandten Branchen t\u00e4tig sind. Dieses Buch unterst\u00fctzt Sie beim selbstst\u00e4ndigen Lernen und bereitet Sie umfassend auf die Pr\u00fcfung vor.<\/p>\n<p class=\"\" data-start=\"1077\" data-end=\"1150\"><strong data-start=\"1077\" data-end=\"1150\">Bestellen Sie noch heute und beginnen Sie sofort mit dem Lernen f\u00fcr Ihr B-VCA-Zertifikat!<\/strong><\/p>","protected":false},"featured_media":7727,"template":"","meta":{"_joinchat":[]},"product_brand":[],"product_cat":[48],"product_tag":[],"class_list":{"0":"post-7726","1":"product","2":"type-product","3":"status-publish","4":"has-post-thumbnail","6":"product_cat-vca-boeken","8":"first","9":"instock","10":"taxable","11":"shipping-taxable","12":"purchasable","13":"product-type-simple"},"_links":{"self":[{"href":"https:\/\/www.examenbureaurotterdam.nl\/de\/wp-json\/wp\/v2\/product\/7726","targetHints":{"allow":["GET"]}}],"collection":[{"href":"https:\/\/www.examenbureaurotterdam.nl\/de\/wp-json\/wp\/v2\/product"}],"about":[{"href":"https:\/\/www.examenbureaurotterdam.nl\/de\/wp-json\/wp\/v2\/types\/product"}],"wp:featuredmedia":[{"embeddable":true,"href":"https:\/\/www.examenbureaurotterdam.nl\/de\/wp-json\/wp\/v2\/media\/7727"}],"wp:attachment":[{"href":"https:\/\/www.examenbureaurotterdam.nl\/de\/wp-json\/wp\/v2\/media?parent=7726"}],"wp:term":[{"taxonomy":"product_brand","embeddable":true,"href":"https:\/\/www.examenbureaurotterdam.nl\/de\/wp-json\/wp\/v2\/product_brand?post=7726"},{"taxonomy":"product_cat","embeddable":true,"href":"https:\/\/www.examenbureaurotterdam.nl\/de\/wp-json\/wp\/v2\/product_cat?post=7726"},{"taxonomy":"product_tag","embeddable":true,"href":"https:\/\/www.examenbureaurotterdam.nl\/de\/wp-json\/wp\/v2\/product_tag?post=7726"}],"curies":[{"name":"wp","href":"https:\/\/api.w.org\/{rel}","templated":true}]}}