{"id":7723,"date":"2025-04-16T00:45:45","date_gmt":"2025-04-15T22:45:45","guid":{"rendered":"https:\/\/www.examenbureaurotterdam.nl\/?post_type=product&#038;p=7723"},"modified":"2025-04-16T00:52:31","modified_gmt":"2025-04-15T22:52:31","slug":"b-vca-boek-nederlands","status":"publish","type":"product","link":"https:\/\/www.examenbureaurotterdam.nl\/de\/produkt\/b-vca-boek-nederlands\/","title":{"rendered":"B-VCA Buch Niederl\u00e4ndisch"},"content":{"rendered":"","protected":false},"excerpt":{"rendered":"<p>Bereiten Sie sich mit diesem vollst\u00e4ndigen und \u00fcbersichtlichen Lehrbuch optimal auf die offizielle B-VCA-Pr\u00fcfung vor. Das B-VCA-Buch enth\u00e4lt alle notwendigen Lehrmaterialien f\u00fcr die Ausbildung zum Basic Safety VCA und entspricht voll und ganz den aktuellen Pr\u00fcfungsanforderungen des Zentralen Expertenkollegiums der Stiftung Zusammenarbeit f\u00fcr Sicherheit (SSVV).<\/p>\n<p class=\"\" data-start=\"319\" data-end=\"544\">\u2705 <strong>8 klare Kapitel<\/strong> \u2013 jedes Kapitel schlie\u00dft mit einer \u00fcbersichtlichen Zusammenfassung und einem Selbsttest mit \u00dcbungsfragen in Pr\u00fcfungsform ab.<br \/>\n\u2705 <strong>Probepr\u00fcfung inklusive<\/strong> \u2013 so testen Sie Ihr Wissen und wissen, ob Sie f\u00fcr die echte Pr\u00fcfung bereit sind.<br \/>\n\u2705 <strong>Enth\u00e4lt Videolinks<\/strong> \u2013 scannen Sie einfach die QR-Codes im Buch, um zus\u00e4tzliche Erkl\u00e4rungen in Form von kurzen Videos zu erhalten.<br \/>\n\u2705 <strong>Kostenloses Lesezeichen f\u00fcr Sicherheitsschilder<\/strong> \u2013 n\u00fctzlich zum Lernen und als Referenz.<\/p>\n<p>Das B-VCA-Diplom ist das pers\u00f6nliche Zertifikat f\u00fcr alle, die im Baugewerbe, in der (Petro-)Chemie, der Industrie und verwandten Sektoren arbeiten. Dieses Buch unterst\u00fctzt Sie beim selbstst\u00e4ndigen Lernen und bereitet Sie optimal auf die Pr\u00fcfung vor.<\/p>\n<p class=\"\" data-start=\"319\" data-end=\"544\"><strong>Bestellen Sie noch heute und beginnen Sie sofort mit dem Lernen f\u00fcr Ihr B-VCA-Zertifikat!<\/strong><\/p>","protected":false},"featured_media":7724,"template":"","meta":{"_joinchat":[]},"product_brand":[],"product_cat":[48],"product_tag":[],"class_list":{"0":"post-7723","1":"product","2":"type-product","3":"status-publish","4":"has-post-thumbnail","6":"product_cat-vca-boeken","8":"first","9":"instock","10":"taxable","11":"shipping-taxable","12":"purchasable","13":"product-type-simple"},"_links":{"self":[{"href":"https:\/\/www.examenbureaurotterdam.nl\/de\/wp-json\/wp\/v2\/product\/7723","targetHints":{"allow":["GET"]}}],"collection":[{"href":"https:\/\/www.examenbureaurotterdam.nl\/de\/wp-json\/wp\/v2\/product"}],"about":[{"href":"https:\/\/www.examenbureaurotterdam.nl\/de\/wp-json\/wp\/v2\/types\/product"}],"wp:featuredmedia":[{"embeddable":true,"href":"https:\/\/www.examenbureaurotterdam.nl\/de\/wp-json\/wp\/v2\/media\/7724"}],"wp:attachment":[{"href":"https:\/\/www.examenbureaurotterdam.nl\/de\/wp-json\/wp\/v2\/media?parent=7723"}],"wp:term":[{"taxonomy":"product_brand","embeddable":true,"href":"https:\/\/www.examenbureaurotterdam.nl\/de\/wp-json\/wp\/v2\/product_brand?post=7723"},{"taxonomy":"product_cat","embeddable":true,"href":"https:\/\/www.examenbureaurotterdam.nl\/de\/wp-json\/wp\/v2\/product_cat?post=7723"},{"taxonomy":"product_tag","embeddable":true,"href":"https:\/\/www.examenbureaurotterdam.nl\/de\/wp-json\/wp\/v2\/product_tag?post=7723"}],"curies":[{"name":"wp","href":"https:\/\/api.w.org\/{rel}","templated":true}]}}