{"id":7184,"date":"2025-03-20T22:06:35","date_gmt":"2025-03-20T20:06:35","guid":{"rendered":"https:\/\/www.examenbureaurotterdam.nl\/?post_type=product&#038;p=7184"},"modified":"2025-04-15T23:54:00","modified_gmt":"2025-04-15T21:54:00","slug":"pe-oefenexamen-inkomen","status":"publish","type":"product","link":"https:\/\/www.examenbureaurotterdam.nl\/de\/produkt\/pe-oefenexamen-inkomen\/","title":{"rendered":"PE-Einkommen"},"content":{"rendered":"","protected":false},"excerpt":{"rendered":"<p class=\"\" data-start=\"133\" data-end=\"326\">M\u00f6chten Sie sicherstellen, dass Sie f\u00fcr die PE Wft Income-Pr\u00fcfung bereit sind? \u00dcben Sie mit realistischen \u00dcbungspr\u00fcfungen und finden Sie heraus, wo Sie stehen! Mit klarem Feedback und n\u00fctzlichen Tipps sind Sie bestens vorbereitet.<\/p>\n<p class=\"\" data-start=\"328\" data-end=\"553\">\u2705 <strong>2 Probepr\u00fcfungen<\/strong> \u2013 realistische Fragen<br data-start=\"366\" data-end=\"369\" \/>\u2705 <strong>Feedback zu Antworten<\/strong> \u2013 lernen und verbessern<br data-start=\"412\" data-end=\"415\" \/>\u2705 <strong>Pr\u00fcfungstipps<\/strong> \u2013 gehen Sie selbstbewusst in die Pr\u00fcfung<br data-start=\"461\" data-end=\"464\" \/>\u2705<strong> Machen Sie die Pr\u00fcfung dreimal<\/strong> \u2013 zus\u00e4tzliche \u00dcbung<br data-start=\"501\" data-end=\"504\" \/>\u2705 <strong>6 Monate Zugang<\/strong> \u2013 Lernen Sie in Ihrem eigenen Tempo<\/p>\n<p class=\"\" data-start=\"555\" data-end=\"650\"><strong data-start=\"555\" data-end=\"647\">Bereiten Sie sich optimal vor und testen Sie noch heute Ihr Wissen! Beginnen Sie gleich mit den Probepr\u00fcfungen.<\/strong><\/p>","protected":false},"featured_media":7717,"template":"","meta":{"_joinchat":[]},"product_brand":[],"product_cat":[47],"product_tag":[],"class_list":{"0":"post-7184","1":"product","2":"type-product","3":"status-publish","4":"has-post-thumbnail","6":"product_cat-pe-oefenexamens","8":"first","9":"instock","10":"taxable","11":"shipping-taxable","12":"purchasable","13":"product-type-simple"},"_links":{"self":[{"href":"https:\/\/www.examenbureaurotterdam.nl\/de\/wp-json\/wp\/v2\/product\/7184","targetHints":{"allow":["GET"]}}],"collection":[{"href":"https:\/\/www.examenbureaurotterdam.nl\/de\/wp-json\/wp\/v2\/product"}],"about":[{"href":"https:\/\/www.examenbureaurotterdam.nl\/de\/wp-json\/wp\/v2\/types\/product"}],"wp:featuredmedia":[{"embeddable":true,"href":"https:\/\/www.examenbureaurotterdam.nl\/de\/wp-json\/wp\/v2\/media\/7717"}],"wp:attachment":[{"href":"https:\/\/www.examenbureaurotterdam.nl\/de\/wp-json\/wp\/v2\/media?parent=7184"}],"wp:term":[{"taxonomy":"product_brand","embeddable":true,"href":"https:\/\/www.examenbureaurotterdam.nl\/de\/wp-json\/wp\/v2\/product_brand?post=7184"},{"taxonomy":"product_cat","embeddable":true,"href":"https:\/\/www.examenbureaurotterdam.nl\/de\/wp-json\/wp\/v2\/product_cat?post=7184"},{"taxonomy":"product_tag","embeddable":true,"href":"https:\/\/www.examenbureaurotterdam.nl\/de\/wp-json\/wp\/v2\/product_tag?post=7184"}],"curies":[{"name":"wp","href":"https:\/\/api.w.org\/{rel}","templated":true}]}}