{"id":7180,"date":"2025-03-20T22:01:00","date_gmt":"2025-03-20T20:01:00","guid":{"rendered":"https:\/\/www.examenbureaurotterdam.nl\/?post_type=product&#038;p=7180"},"modified":"2025-04-15T23:58:02","modified_gmt":"2025-04-15T21:58:02","slug":"pe-oefenexamen-schade-zakelijk","status":"publish","type":"product","link":"https:\/\/www.examenbureaurotterdam.nl\/de\/produkt\/pe-oefenexamen-schade-zakelijk\/","title":{"rendered":"PE-Schadensgesch\u00e4ft"},"content":{"rendered":"","protected":false},"excerpt":{"rendered":"<p class=\"\" data-start=\"139\" data-end=\"344\">M\u00f6chten Sie sicherstellen, dass Sie f\u00fcr die Pr\u00fcfung \u201ePE Wft Schade Zakelijk\u201c bereit sind? \u00dcben Sie mit realistischen \u00dcbungspr\u00fcfungen und finden Sie heraus, wo Sie stehen! Mit klarem Feedback und n\u00fctzlichen Tipps sind Sie bestens vorbereitet.<\/p>\n<p class=\"\" data-start=\"346\" data-end=\"571\">\u2705 <strong>2 Probepr\u00fcfungen \u2013<\/strong> realistische Fragen<br data-start=\"384\" data-end=\"387\" \/>\u2705 <strong>Feedback zu Antworten<\/strong> \u2013 lernen und verbessern<br data-start=\"430\" data-end=\"433\" \/>\u2705 <strong>Pr\u00fcfungstipps<\/strong> \u2013 gehen Sie selbstbewusst in die Pr\u00fcfung<br data-start=\"479\" data-end=\"482\" \/>\u2705 <strong>Machen Sie die Pr\u00fcfung dreimal<\/strong> \u2013 zus\u00e4tzliche \u00dcbung<br data-start=\"519\" data-end=\"522\" \/>\u2705 <strong>6 Monate Zugang<\/strong> \u2013 Lernen Sie in Ihrem eigenen Tempo<\/p>\n<p class=\"\" data-start=\"573\" data-end=\"668\"><strong data-start=\"573\" data-end=\"665\">Bereiten Sie sich optimal vor und testen Sie noch heute Ihr Wissen! Beginnen Sie gleich mit den Probepr\u00fcfungen.<\/strong><\/p>","protected":false},"featured_media":7717,"template":"","meta":{"_joinchat":[]},"product_brand":[],"product_cat":[47],"product_tag":[],"class_list":{"0":"post-7180","1":"product","2":"type-product","3":"status-publish","4":"has-post-thumbnail","6":"product_cat-pe-oefenexamens","8":"first","9":"instock","10":"taxable","11":"shipping-taxable","12":"purchasable","13":"product-type-simple"},"_links":{"self":[{"href":"https:\/\/www.examenbureaurotterdam.nl\/de\/wp-json\/wp\/v2\/product\/7180","targetHints":{"allow":["GET"]}}],"collection":[{"href":"https:\/\/www.examenbureaurotterdam.nl\/de\/wp-json\/wp\/v2\/product"}],"about":[{"href":"https:\/\/www.examenbureaurotterdam.nl\/de\/wp-json\/wp\/v2\/types\/product"}],"wp:featuredmedia":[{"embeddable":true,"href":"https:\/\/www.examenbureaurotterdam.nl\/de\/wp-json\/wp\/v2\/media\/7717"}],"wp:attachment":[{"href":"https:\/\/www.examenbureaurotterdam.nl\/de\/wp-json\/wp\/v2\/media?parent=7180"}],"wp:term":[{"taxonomy":"product_brand","embeddable":true,"href":"https:\/\/www.examenbureaurotterdam.nl\/de\/wp-json\/wp\/v2\/product_brand?post=7180"},{"taxonomy":"product_cat","embeddable":true,"href":"https:\/\/www.examenbureaurotterdam.nl\/de\/wp-json\/wp\/v2\/product_cat?post=7180"},{"taxonomy":"product_tag","embeddable":true,"href":"https:\/\/www.examenbureaurotterdam.nl\/de\/wp-json\/wp\/v2\/product_tag?post=7180"}],"curies":[{"name":"wp","href":"https:\/\/api.w.org\/{rel}","templated":true}]}}