{"id":7168,"date":"2025-03-20T21:45:48","date_gmt":"2025-03-20T19:45:48","guid":{"rendered":"https:\/\/www.examenbureaurotterdam.nl\/?post_type=product&#038;p=7168"},"modified":"2025-04-15T23:28:45","modified_gmt":"2025-04-15T21:28:45","slug":"pe-schade-zakelijk","status":"publish","type":"product","link":"https:\/\/www.examenbureaurotterdam.nl\/de\/produkt\/pe-schade-zakelijk\/","title":{"rendered":"PE-Schadensgesch\u00e4ft"},"content":{"rendered":"","protected":false},"excerpt":{"rendered":"<p class=\"\" data-start=\"152\" data-end=\"472\">M\u00f6chten Sie Ihre Wft Damage Business-Zertifizierung aufrechterhalten und die PE Damage Business-Pr\u00fcfung m\u00fchelos bestehen? Mit unserem kompletten Online-Selbststudium lernen Sie genau das, was Sie wissen m\u00fcssen \u2013 wo und wann Sie wollen. \u00dcben Sie Fragen, erhalten Sie Feedback und bereiten Sie sich optimal vor mit realistischen \u00dcbungspr\u00fcfungen und praktischen Tipps.<\/p>\n<p class=\"\" data-start=\"474\" data-end=\"819\">\u2705 <strong>Komplettes Selbststudium<\/strong> \u2013 flexibel studieren<br data-start=\"514\" data-end=\"517\" \/>\u2705 <strong>Mehr als 230 \u00dcbungsfragen<\/strong> \u2013 vertiefen Sie Ihr Wissen<br data-start=\"564\" data-end=\"567\" \/>\u2705 <strong>2 offizielle \u00dcbungspr\u00fcfungen<\/strong> \u2013 realistische \u00dcbungspr\u00fcfungen<br data-start=\"621\" data-end=\"624\" \/>\u2705 <strong>Feedback zu allen Antworten<\/strong> \u2013 lernen und verbessern<br data-start=\"672\" data-end=\"675\" \/>\u2705 <strong>Praktische Pr\u00fcfungstipps<\/strong> \u2013 auf jeden Fall die Pr\u00fcfung<br data-start=\"717\" data-end=\"720\" \/>\u2705 <strong>Machen Sie die Pr\u00fcfung dreimal<\/strong> \u2013 zus\u00e4tzliche \u00dcbung zum Bestehen<br data-start=\"770\" data-end=\"773\" data-is-only-node=\"\" \/>\u2705 <strong>6 Monate Zugang<\/strong> \u2013 lernen Sie in Ihrem eigenen Tempo<\/p>\n<p class=\"\" data-start=\"821\" data-end=\"879\"><strong data-start=\"821\" data-end=\"879\">Bereit, loszulegen? Jetzt registrieren und sofort loslegen!<\/strong><\/p>","protected":false},"featured_media":7713,"template":"","meta":{"_joinchat":[]},"product_brand":[],"product_cat":[46],"product_tag":[],"class_list":{"0":"post-7168","1":"product","2":"type-product","3":"status-publish","4":"has-post-thumbnail","6":"product_cat-pe-e-learning","8":"first","9":"instock","10":"taxable","11":"shipping-taxable","12":"purchasable","13":"product-type-simple"},"_links":{"self":[{"href":"https:\/\/www.examenbureaurotterdam.nl\/de\/wp-json\/wp\/v2\/product\/7168","targetHints":{"allow":["GET"]}}],"collection":[{"href":"https:\/\/www.examenbureaurotterdam.nl\/de\/wp-json\/wp\/v2\/product"}],"about":[{"href":"https:\/\/www.examenbureaurotterdam.nl\/de\/wp-json\/wp\/v2\/types\/product"}],"wp:featuredmedia":[{"embeddable":true,"href":"https:\/\/www.examenbureaurotterdam.nl\/de\/wp-json\/wp\/v2\/media\/7713"}],"wp:attachment":[{"href":"https:\/\/www.examenbureaurotterdam.nl\/de\/wp-json\/wp\/v2\/media?parent=7168"}],"wp:term":[{"taxonomy":"product_brand","embeddable":true,"href":"https:\/\/www.examenbureaurotterdam.nl\/de\/wp-json\/wp\/v2\/product_brand?post=7168"},{"taxonomy":"product_cat","embeddable":true,"href":"https:\/\/www.examenbureaurotterdam.nl\/de\/wp-json\/wp\/v2\/product_cat?post=7168"},{"taxonomy":"product_tag","embeddable":true,"href":"https:\/\/www.examenbureaurotterdam.nl\/de\/wp-json\/wp\/v2\/product_tag?post=7168"}],"curies":[{"name":"wp","href":"https:\/\/api.w.org\/{rel}","templated":true}]}}