{"id":7140,"date":"2025-03-20T11:33:55","date_gmt":"2025-03-20T09:33:55","guid":{"rendered":"https:\/\/www.examenbureaurotterdam.nl\/?post_type=product&#038;p=7140"},"modified":"2025-04-15T22:48:23","modified_gmt":"2025-04-15T20:48:23","slug":"wft-schade-particulier","status":"publish","type":"product","link":"https:\/\/www.examenbureaurotterdam.nl\/de\/produkt\/wft-schade-particulier\/","title":{"rendered":"WFT Schaden Privat"},"content":{"rendered":"","protected":false},"excerpt":{"rendered":"<p class=\"\" data-start=\"174\" data-end=\"441\">Sie m\u00f6chten unkompliziert zu Ihrem Wft Privatschaden-Zertifikat gelangen? Mit unserem kompletten Online-Selbststudium sind Sie optimal auf die offizielle Pr\u00fcfung vorbereitet. Dieser Kurs bietet alles, was Sie zum Bestehen brauchen, einschlie\u00dflich \u00dcbungsfragen, Probepr\u00fcfungen und hilfreichen Pr\u00fcfungstipps.<\/p>\n<p class=\"\" data-start=\"443\" data-end=\"818\">\u2705 <strong>Komplettes Selbststudium<\/strong> \u2013 Lernen Sie in Ihrem eigenen Tempo<br data-start=\"492\" data-end=\"495\" \/>\u2705 <strong>390 \u00dcbungsfragen<\/strong> \u2013 testen Sie Ihr Wissen ausgiebig<br data-start=\"540\" data-end=\"543\" \/>\u2705 <strong>4 offizielle \u00dcbungspr\u00fcfungen<\/strong> \u2013 realistische Pr\u00fcfungsfragen<br data-start=\"597\" data-end=\"600\" \/>\u2705 <strong>Feedback zu allen Antworten<\/strong> \u2013 lernen und verbessern<br data-start=\"650\" data-end=\"653\" \/>\u2705 <strong>Praktische Pr\u00fcfungstipps<\/strong>\u00a0\u2013 auf jeden Fall die Pr\u00fcfung<br data-start=\"706\" data-end=\"709\" \/>\u2705 <strong>Machen Sie die Pr\u00fcfung dreimal<\/strong> \u2013 zus\u00e4tzliche \u00dcbung zum Bestehen<br data-start=\"759\" data-end=\"762\" \/>\u2705<strong> 12 Monate Zugang <\/strong>\u2013 lernen Sie in Ihrem eigenen Tempo<\/p>\n<p class=\"\" data-start=\"820\" data-end=\"836\"><strong data-start=\"820\" data-end=\"836\">Was lernen Sie?<\/strong><\/p>\n<ul>\n<li data-start=\"838\" data-end=\"1016\">Haftungsrecht und AVP<\/li>\n<li data-start=\"838\" data-end=\"1016\">Feuerversicherung<\/li>\n<li data-start=\"838\" data-end=\"1016\">WAM, Art. 185 WvW und Kraftfahrzeugversicherung<\/li>\n<li data-start=\"838\" data-end=\"1016\">Gesundheitssystem in den Niederlanden und Krankenversicherung<\/li>\n<li data-start=\"838\" data-end=\"1016\">Weitere relevante Themen<\/li>\n<\/ul>\n<p class=\"\" data-start=\"1018\" data-end=\"1105\"><strong>Ebene:<\/strong> MBO<br data-start=\"1042\" data-end=\"1045\" \/><strong>Bisherige Ausbildung:<\/strong> Wft Basic<br data-start=\"1072\" data-end=\"1075\" \/><strong>Studienbelastung:<\/strong> \u00b1 70 Stunden<\/p>\n<p class=\"\" data-start=\"1107\" data-end=\"1165\"><strong data-start=\"1107\" data-end=\"1165\">Bereit, loszulegen? Jetzt registrieren und sofort loslegen!<\/strong><\/p>","protected":false},"featured_media":7713,"template":"","meta":{"_joinchat":[]},"product_brand":[],"product_cat":[44],"product_tag":[],"class_list":{"0":"post-7140","1":"product","2":"type-product","3":"status-publish","4":"has-post-thumbnail","6":"product_cat-wft-e-learning","8":"first","9":"instock","10":"taxable","11":"shipping-taxable","12":"purchasable","13":"product-type-simple"},"_links":{"self":[{"href":"https:\/\/www.examenbureaurotterdam.nl\/de\/wp-json\/wp\/v2\/product\/7140","targetHints":{"allow":["GET"]}}],"collection":[{"href":"https:\/\/www.examenbureaurotterdam.nl\/de\/wp-json\/wp\/v2\/product"}],"about":[{"href":"https:\/\/www.examenbureaurotterdam.nl\/de\/wp-json\/wp\/v2\/types\/product"}],"wp:featuredmedia":[{"embeddable":true,"href":"https:\/\/www.examenbureaurotterdam.nl\/de\/wp-json\/wp\/v2\/media\/7713"}],"wp:attachment":[{"href":"https:\/\/www.examenbureaurotterdam.nl\/de\/wp-json\/wp\/v2\/media?parent=7140"}],"wp:term":[{"taxonomy":"product_brand","embeddable":true,"href":"https:\/\/www.examenbureaurotterdam.nl\/de\/wp-json\/wp\/v2\/product_brand?post=7140"},{"taxonomy":"product_cat","embeddable":true,"href":"https:\/\/www.examenbureaurotterdam.nl\/de\/wp-json\/wp\/v2\/product_cat?post=7140"},{"taxonomy":"product_tag","embeddable":true,"href":"https:\/\/www.examenbureaurotterdam.nl\/de\/wp-json\/wp\/v2\/product_tag?post=7140"}],"curies":[{"name":"wp","href":"https:\/\/api.w.org\/{rel}","templated":true}]}}