{"id":7132,"date":"2025-03-19T18:03:22","date_gmt":"2025-03-19T16:03:22","guid":{"rendered":"https:\/\/www.examenbureaurotterdam.nl\/?post_type=product&#038;p=7132"},"modified":"2025-04-15T22:51:22","modified_gmt":"2025-04-15T20:51:22","slug":"wft-basis","status":"publish","type":"product","link":"https:\/\/www.examenbureaurotterdam.nl\/de\/produkt\/wft-basis\/","title":{"rendered":"WFT Basic"},"content":{"rendered":"","protected":false},"excerpt":{"rendered":"<p class=\"\" data-start=\"188\" data-end=\"477\">Sie m\u00f6chten m\u00fchelos Ihr Wft Basic Zertifikat erlangen? Unser umfassendes Online-Selbstlernprogramm vermittelt Ihnen das gesamte Wissen und die Praxis, die Sie ben\u00f6tigen, um die Pr\u00fcfung selbstbewusst abzulegen. \u00dcben Sie Fragen, erhalten Sie Feedback und bereiten Sie sich optimal vor mit realistischen \u00dcbungspr\u00fcfungen und n\u00fctzlichen Tipps.<\/p>\n<p class=\"\" data-start=\"479\" data-end=\"816\">\u2705 <strong>Komplettes Selbststudium<\/strong> \u2013 flexibel studieren<br data-start=\"519\" data-end=\"522\" \/>\u2705 <strong>650 \u00dcbungsfragen<\/strong> \u2013 vertiefen Sie Ihr Wissen<br data-start=\"560\" data-end=\"563\" \/>\u2705 <strong>4 offizielle \u00dcbungspr\u00fcfungen<\/strong> \u2013 realistische \u00dcbungspr\u00fcfungen<br data-start=\"617\" data-end=\"620\" \/>\u2705 <strong>Feedback zu allen Antworten<\/strong> \u2013 lernen und verbessern<br data-start=\"668\" data-end=\"671\" \/>\u2705 <strong>Praktische Pr\u00fcfungstipps<\/strong> \u2013 auf jeden Fall die Pr\u00fcfung<br data-start=\"713\" data-end=\"716\" \/>\u2705 <strong>Machen Sie die Pr\u00fcfung dreimal<\/strong> \u2013 zus\u00e4tzliche \u00dcbung zum Bestehen<br data-start=\"766\" data-end=\"769\" \/>\u2705 <strong>12 Monate Zugang<\/strong> \u2013 lernen Sie in Ihrem eigenen Tempo<\/p>\n<p class=\"\" data-start=\"818\" data-end=\"834\"><strong data-start=\"818\" data-end=\"834\">Was lernen Sie?<\/strong><\/p>\n<ul>\n<li data-start=\"836\" data-end=\"998\">Finanzgesetze und -vorschriften<\/li>\n<li data-start=\"836\" data-end=\"998\">Leistungserbringung und Sorgfaltspflicht<\/li>\n<li data-start=\"836\" data-end=\"998\">Sparen, Kredite und Versicherungen<\/li>\n<li data-start=\"836\" data-end=\"998\">Risiken und Kundeninformationen<\/li>\n<li data-start=\"836\" data-end=\"998\">Steuern und Finanzbedingungen<\/li>\n<\/ul>\n<p class=\"\" data-start=\"1000\" data-end=\"1041\"><strong>Ebene:<\/strong> MBO<br data-start=\"1011\" data-end=\"1014\" \/><strong>Studienbelastung:<\/strong> \u00b1 70 Stunden<\/p>\n<p class=\"\" data-start=\"1043\" data-end=\"1101\"><strong data-start=\"1043\" data-end=\"1101\">Bereit, loszulegen? Jetzt registrieren und sofort loslegen!<\/strong><\/p>","protected":false},"featured_media":7713,"template":"","meta":{"_joinchat":[]},"product_brand":[],"product_cat":[44],"product_tag":[],"class_list":{"0":"post-7132","1":"product","2":"type-product","3":"status-publish","4":"has-post-thumbnail","6":"product_cat-wft-e-learning","8":"first","9":"instock","10":"taxable","11":"shipping-taxable","12":"purchasable","13":"product-type-simple"},"_links":{"self":[{"href":"https:\/\/www.examenbureaurotterdam.nl\/de\/wp-json\/wp\/v2\/product\/7132","targetHints":{"allow":["GET"]}}],"collection":[{"href":"https:\/\/www.examenbureaurotterdam.nl\/de\/wp-json\/wp\/v2\/product"}],"about":[{"href":"https:\/\/www.examenbureaurotterdam.nl\/de\/wp-json\/wp\/v2\/types\/product"}],"wp:featuredmedia":[{"embeddable":true,"href":"https:\/\/www.examenbureaurotterdam.nl\/de\/wp-json\/wp\/v2\/media\/7713"}],"wp:attachment":[{"href":"https:\/\/www.examenbureaurotterdam.nl\/de\/wp-json\/wp\/v2\/media?parent=7132"}],"wp:term":[{"taxonomy":"product_brand","embeddable":true,"href":"https:\/\/www.examenbureaurotterdam.nl\/de\/wp-json\/wp\/v2\/product_brand?post=7132"},{"taxonomy":"product_cat","embeddable":true,"href":"https:\/\/www.examenbureaurotterdam.nl\/de\/wp-json\/wp\/v2\/product_cat?post=7132"},{"taxonomy":"product_tag","embeddable":true,"href":"https:\/\/www.examenbureaurotterdam.nl\/de\/wp-json\/wp\/v2\/product_tag?post=7132"}],"curies":[{"name":"wp","href":"https:\/\/api.w.org\/{rel}","templated":true}]}}