{"id":3,"date":"2021-04-19T10:25:05","date_gmt":"2021-04-19T10:25:05","guid":{"rendered":"https:\/\/www.examenbureaurotterdam.nl\/?page_id=3"},"modified":"2026-03-02T10:56:10","modified_gmt":"2026-03-02T09:56:10","slug":"privacybeleid","status":"publish","type":"page","link":"https:\/\/www.examenbureaurotterdam.nl\/de\/privacybeleid\/","title":{"rendered":"Datenschutzrichtlinie"},"content":{"rendered":"<div id=\"fws_69fb47ba361fa\"  data-column-margin=\"default\" data-midnight=\"dark\"  class=\"wpb_row vc_row-fluid vc_row\"  style=\"padding-top: 0px; padding-bottom: 0px; \"><div class=\"row-bg-wrap\" data-bg-animation=\"none\" data-bg-animation-delay=\"\" data-bg-overlay=\"false\"><div class=\"inner-wrap row-bg-layer\" ><div class=\"row-bg viewport-desktop\"  style=\"\"><\/div><\/div><\/div><div class=\"row_col_wrap_12 col span_12 dark left\">\n\t<div  class=\"vc_col-sm-12 wpb_column column_container vc_column_container col no-extra-padding inherit_tablet inherit_phone\"  data-padding-pos=\"all\" data-has-bg-color=\"false\" data-bg-color=\"\" data-bg-opacity=\"1\" data-animation=\"\" data-delay=\"0\" >\n\t\t<div class=\"vc_column-inner\" >\n\t\t\t<div class=\"wpb_wrapper\">\n\t\t\t\t\n<div class=\"wpb_text_column wpb_content_element\" >\n\t<div class=\"wpb_wrapper\">\n\t\t<div class=\"row_col_wrap_12 col span_12 dark left\">\n<div class=\"vc_col-sm-12 wpb_column column_container vc_column_container col no-extra-padding inherit_tablet inherit_phone\" data-padding-pos=\"all\" data-has-bg-color=\"false\" data-bg-color=\"\" data-bg-opacity=\"1\" data-animation=\"\" data-delay=\"0\">\n<div class=\"vc_column-inner\">\n<div class=\"wpb_wrapper\">\n<div class=\"wpb_text_column wpb_content_element\">\n<div class=\"wpb_wrapper\">\n<div class=\"row_col_wrap_12 col span_12 dark left\">\n<div class=\"vc_col-sm-12 wpb_column column_container vc_column_container col no-extra-padding inherit_tablet inherit_phone\" data-padding-pos=\"all\" data-has-bg-color=\"false\" data-bg-color=\"\" data-bg-opacity=\"1\" data-animation=\"\" data-delay=\"0\">\n<div class=\"vc_column-inner\">\n<div class=\"wpb_wrapper\">\n<div class=\"wpb_text_column wpb_content_element\">\n<div class=\"wpb_wrapper\">\n<h3 class=\"sppb-addon-title\">Datenschutzerkl\u00e4rung Examination Office Rotterdam BV<\/h3>\n<p>Beim Examenbureau Rotterdam BV (nachfolgend \u201eEBR\u201c) legen wir gro\u00dfen Wert auf den Schutz Ihrer personenbezogenen Daten. Die personenbezogenen Daten aller Kunden und Besucher werden mit gr\u00f6\u00dfter Sorgfalt verarbeitet und gesch\u00fctzt. In dieser Erkl\u00e4rung erl\u00e4utert EBR, welche Daten von Ihnen ben\u00f6tigt werden, um Ihnen einen guten Service bieten zu k\u00f6nnen.<\/p>\n<table>\n<tbody>\n<tr>\n<td colspan=\"2\">EBR-Daten<\/td>\n<\/tr>\n<tr>\n<td><strong>Adresse:<\/strong><\/td>\n<td>Industrieweg 37 A1<\/td>\n<\/tr>\n<tr>\n<td><strong>Postleitzahl:<\/strong><\/td>\n<td>3044 AS<\/td>\n<\/tr>\n<tr>\n<td><strong>Ort<\/strong><\/td>\n<td>Rotterdam<\/td>\n<\/tr>\n<tr>\n<td><strong>E-Mail:<\/strong><\/td>\n<td><a href=\"mailto:info@examenbureaurotterdam.nl\">info@examenbureaurotterdam.nl<\/a><\/td>\n<\/tr>\n<tr>\n<td><strong>Telefonnummer:<\/strong><\/td>\n<td>0103030007<\/td>\n<\/tr>\n<tr>\n<td><strong>Webseite:<\/strong><\/td>\n<td>www.examenbureaurotterdam.nl<\/td>\n<\/tr>\n<\/tbody>\n<\/table>\n<p><strong>Verarbeitung:<br \/>\n<\/strong>EBR verarbeitet unter anderem folgende Daten, die wir von Ihnen oder Ihrem Arbeitgeber erhalten haben:<\/p>\n<ul>\n<li>Name (vollst\u00e4ndig)<\/li>\n<li>Geburtsdatum<\/li>\n<li>Adresse<\/li>\n<li>Telefonnummer<\/li>\n<li>E-Mail-Adresse<\/li>\n<li>Daten zu Rechnungen<\/li>\n<li>Daten zum Bestellvorgang von Produkten<\/li>\n<li>Weitere eingegebene Informationen<\/li>\n<\/ul>\n<p>Wir verwenden Ihre Daten ausschlie\u00dflich, um Ihnen einen guten Service zu bieten und Sie zuk\u00fcnftig \u00fcber Angebote und relevante Aktionen zu informieren.<\/p>\n<p><strong>Wer von EBR kann auf Ihre Daten zugreifen:<\/strong><\/p>\n<ul>\n<li data-mce-word-list=\"1\">Vorstand<\/li>\n<li data-mce-word-list=\"1\">Management<\/li>\n<li data-mce-word-list=\"1\">B\u00fcropersonal<\/li>\n<li>Examenfunctionarissen<\/li>\n<\/ul>\n<p><strong>Weitergabe personenbezogener Daten an Dritte<br \/>\n<\/strong>F\u00fcr unsere Dienstleistungen ist es notwendig, personenbezogene Daten an externe Anbieter weiterzugeben, z. B. zur Pr\u00fcfungsanmeldung. Wir versuchen, dies so weit wie m\u00f6glich einzuschr\u00e4nken und geben Ihre Daten nur dann an Dritte weiter, wenn dies zur Durchf\u00fchrung unseres Vertrags mit Ihnen oder zur Einhaltung gesetzlicher Verpflichtungen erforderlich ist.<\/p>\n<p><strong>Aufbewahrungsdauer personenbezogener Daten<br \/>\n<\/strong>EBR bewaart persoonsgegevens niet langer dan voor de doeleinden waarvoor zij zijn verzameld of worden gebruikt. Sommige persoonsgegevens moeten langer bewaard worden op grond van de wet. In dat geval bewaart EBR de betreffende persoonsgegevens zolang als de wet voorschrijft. De gegevens op examendocumenten worden niet langer bewaard dan 3 jaar.<br \/>\nPersoonsgegevens noodzakelijk voor persoonscertificering (naam en geboortedatum) worden voor de duur van de certificering bewaard.<\/p>\n<p><strong>Documentbeheer<br \/>\n<\/strong>De gegevens op examendocumenten worden niet langer bewaard dan hierboven is aangegeven. Wij kiezen 2 momenten in het jaar om dit te realiseren, namelijk in de eerste week van januari en week 1 van juli.<\/p>\n<p><strong>Back-up<\/strong><br \/>\nWij maken dagelijks een back-up van onze server en applicatie.<\/p>\n<\/div>\n<div class=\"wpb_wrapper\">\n<p><strong>Zugriff, \u00c4nderung, L\u00f6schung, Beschwerden \u00fcber personenbezogene Daten<br \/>\n<\/strong>Ihre Daten k\u00f6nnen zur Zusendung von Informationen und\/oder Sonderangeboten durch EBR verwendet werden. Bei Fragen zur Datenschutzrichtlinie von EBR oder Fragen zum Zugriff auf und zur \u00c4nderung (oder L\u00f6schung) Ihrer personenbezogenen Daten wenden Sie sich bitte an EBR. Senden Sie einen Brief an EBR, z. Hd. Adresse Management, Industrieweg 37 A1, 3044 AS Rotterdam oder eine E-Mail an <a href=\"mailto:info@examenbureaurotterdam.nl.\">info@examenbureaurotterdam.nl.<\/a><\/p>\n<p><strong>Cookie-Richtlinie<br \/>\n<\/strong>Bei der Nutzung dieser Website k\u00f6nnen EBR oder Dritte beispielsweise mithilfe von Cookies Informationen \u00fcber die Nutzung dieser Website sammeln. Dies sind kleine Dateien, die von Ihrem Browser auf der Festplatte Ihres Computers\/Tablets\/Telefons gespeichert werden. Bei wiederholtem Besuch der Website wird Ihr Browser wiedererkannt. Die mithilfe von Cookies gesammelten Informationen k\u00f6nnen unter anderem eine Analyse der Benutzung der Website durch Sie erm\u00f6glichen. So l\u00e4sst sich beispielsweise feststellen, welche Seiten beliebt sind und welche Teile der Website angepasst werden m\u00fcssen. EBR gibt keine Daten \u00fcber Ihre Nutzung dieser Website an Dritte weiter.<\/p>\n<p><strong>Cookies l\u00f6schen<\/strong><br \/>\nSie k\u00f6nnen bereits gesetzte Cookies in Ihrem Browser l\u00f6schen. Da die Benutzeroberfl\u00e4che jedes Browsers unterschiedlich ist, konsultieren Sie am besten die Hilfefunktion, um Cookies zu l\u00f6schen und neue Cookies abzulehnen. Bitte beachten Sie: Wenn Sie Cookies ablehnen und\/oder l\u00f6schen, k\u00f6nnen Sie m\u00f6glicherweise nicht immer alle Funktionen der Website nutzen. Dar\u00fcber hinaus wirkt sich das Ablehnen oder L\u00f6schen von Cookies nur auf den Computer und den Browser aus, auf dem Sie diese Aktion durchf\u00fchren. Wenn Sie mehrere Computer\/Tablets\/Telefone und\/oder Browser verwenden, m\u00fcssen Sie die oben genannten Aktionen so oft wie n\u00f6tig wiederholen.<\/p>\n<p><strong>Cybercriminaliteit<br \/>\n<\/strong>Indien wij gehackt zijn, is het belangrijkste is dat we op zo\u2019n moment adequaat handelen om uw gegevens te beschermen. Ons stappenplan is als volgt,<\/p>\n<ol>\n<li>Schakel direct alle internetverbindingen uit<\/li>\n<li>Veranderen van al onze wachtwoorden<\/li>\n<li>Schakel direct experts in<\/li>\n<li>Informeer onze klanten per mail en ga na of zij iets hebben opgemerkt\n<ol>\n<li>Klanten die hieronder hebben geleden direct telefonisch contacteren om het op te lossen met de experts<\/li>\n<\/ol>\n<\/li>\n<li>Onze veiligheidssystemen beoordelen en verbeteren<\/li>\n<\/ol>\n<p><strong>\u00c4nderungen dieser Erkl\u00e4rungen<\/strong><br \/>\nEBR behoudt zich het recht voor om wijzigingen aan te brengen in de AVG register. Elke aanpassing zal EBR op deze pagina publiceren. Laatst aangepast op 01-11-2025.<\/p>\n<\/div>\n<\/div>\n<\/div>\n<\/div>\n<\/div>\n<\/div>\n<\/div>\n<\/div>\n<\/div>\n<\/div>\n<\/div>\n<\/div>\n\t<\/div>\n<\/div>\n\n\n\n\n\t\t\t<\/div> \n\t\t<\/div>\n\t<\/div> \n<\/div><\/div>","protected":false},"excerpt":{"rendered":"Privacyverklaring Examenbureau Rotterdam B.V. Bij Examenbureau Rotterdam B.V. (hierna \u2018EBR\u2019), hechten wij veel waarde aan de bescherming van uw persoonsgegevens. De Persoonsgegevens van alle klanten...","protected":false},"author":2,"featured_media":0,"parent":0,"menu_order":0,"comment_status":"closed","ping_status":"open","template":"","meta":{"_joinchat":[],"footnotes":""},"class_list":["post-3","page","type-page","status-publish"],"_links":{"self":[{"href":"https:\/\/www.examenbureaurotterdam.nl\/de\/wp-json\/wp\/v2\/pages\/3","targetHints":{"allow":["GET"]}}],"collection":[{"href":"https:\/\/www.examenbureaurotterdam.nl\/de\/wp-json\/wp\/v2\/pages"}],"about":[{"href":"https:\/\/www.examenbureaurotterdam.nl\/de\/wp-json\/wp\/v2\/types\/page"}],"author":[{"embeddable":true,"href":"https:\/\/www.examenbureaurotterdam.nl\/de\/wp-json\/wp\/v2\/users\/2"}],"replies":[{"embeddable":true,"href":"https:\/\/www.examenbureaurotterdam.nl\/de\/wp-json\/wp\/v2\/comments?post=3"}],"version-history":[{"count":5,"href":"https:\/\/www.examenbureaurotterdam.nl\/de\/wp-json\/wp\/v2\/pages\/3\/revisions"}],"predecessor-version":[{"id":8486,"href":"https:\/\/www.examenbureaurotterdam.nl\/de\/wp-json\/wp\/v2\/pages\/3\/revisions\/8486"}],"wp:attachment":[{"href":"https:\/\/www.examenbureaurotterdam.nl\/de\/wp-json\/wp\/v2\/media?parent=3"}],"curies":[{"name":"wp","href":"https:\/\/api.w.org\/{rel}","templated":true}]}}