{"id":7728,"date":"2025-04-16T00:58:46","date_gmt":"2025-04-15T22:58:46","guid":{"rendered":"https:\/\/www.examenbureaurotterdam.nl\/?post_type=product&#038;p=7728"},"modified":"2025-04-16T00:59:39","modified_gmt":"2025-04-15T22:59:39","slug":"b-vca-boek-pools","status":"publish","type":"product","link":"https:\/\/www.examenbureaurotterdam.nl\/ar\/product\/b-vca-boek-pools\/","title":{"rendered":"\u062a\u0644\u0645\u064a\u0639 \u0627\u0644\u0643\u062a\u0628 B-VCA"},"content":{"rendered":"","protected":false},"excerpt":{"rendered":"<p class=\"\" data-start=\"74\" data-end=\"430\"><strong data-start=\"74\" data-end=\"180\">\u062a\u0645 \u062a\u062c\u0647\u064a\u0632 B-VCA \u0628\u0634\u0643\u0644 \u0643\u0627\u0645\u0644 \u0648\u0645\u062a\u0643\u0627\u0645\u0644 \u0645\u0646 \u0642\u0628\u0644 \u0627\u0644\u0645\u0643\u0627\u062a\u0628 \u0627\u0644\u0631\u0633\u0645\u064a\u0629.<\/strong><br data-start=\"180\" data-end=\"183\" \/>\u062a\u0642\u0648\u0645 \u0645\u0646\u0638\u0645\u0629 B-VCA \u0628\u062a\u062e\u0635\u064a\u0635 \u0627\u0644\u0645\u0648\u0627\u062f \u0627\u0644\u062a\u064a \u0644\u0627 \u062a\u062d\u062a\u0648\u064a \u0639\u0644\u0649 \u0623\u064a \u0645\u0648\u0627\u062f \u0641\u064a \u0627\u0644\u0643\u0631\u0633\u064a\u060c \u0645\u0645\u0627 \u064a\u0633\u0645\u062d \u0628\u062a\u0632\u0648\u064a\u062f \u0644\u062c\u0646\u0629 \u0627\u0644\u062e\u0628\u0631\u0627\u0621 \u0627\u0644\u0645\u0631\u0643\u0632\u064a\u0629 \u0628\u0645\u0624\u0633\u0633\u0629 VCA \u0648\u0645\u0646\u062d\u0647\u0627 \u0623\u0642\u0635\u0649 \u0642\u062f\u0631 \u0645\u0646 \u0627\u0644\u062f\u0639\u0645 \u0627\u0644\u0641\u0639\u0644\u064a \u0645\u0646 \u062e\u0644\u0627\u0644 \u0635\u0646\u062f\u0648\u0642 \u0627\u0644\u062e\u0628\u0631\u0627\u0621 \u0627\u0644\u0645\u0631\u0643\u0632\u064a Wsp\u00f3\u0142pracy na rzecz Bezpiecze\u0144stwa (SSVV).<\/p>\n<p class=\"\" data-start=\"432\" data-end=\"921\">\u2705 <strong data-start=\"434\" data-end=\"464\">8 \u0648\u0631\u0648\u062f \u0635\u063a\u064a\u0631\u0629<\/strong> \u2013 \u0625\u0630\u0627 \u062a\u0645 \u062a\u062c\u0645\u064a\u062f \u0627\u0644\u062d\u064a\u0648\u0627\u0646\u0627\u062a \u0627\u0644\u0623\u0644\u064a\u0641\u0629 \u0628\u0634\u0643\u0644 \u0637\u0628\u064a\u0639\u064a \u0623\u0648 \u062a\u0645 \u0632\u0631\u0627\u0639\u062a\u0647\u0627 \u0641\u064a \u0634\u0643\u0644 \u0645\u0646 \u0623\u0634\u0643\u0627\u0644 \u0627\u0644\u0641\u0637\u0631\u064a\u0627\u062a.<br data-start=\"576\" data-end=\"579\" \/>\u2705 <strong data-start=\"581\" data-end=\"610\">\u062c\u0631\u0628 \u0625\u064a\u062c\u0632\u0627\u0645\u064a\u0646 \u0641\u064a \u0633\u062a\u0629 \u0623\u0634\u0647\u0631<\/strong> \u2013 \u0642\u0645 \u0628\u062a\u0645\u062f\u064a\u062f \u0625\u0635\u0628\u0639\u0643 \u0648\u062a\u0632\u0648\u064a\u062f\u0643 \u0628\u0647\u060c \u0648\u0630\u0644\u0643 \u0628\u0639\u062f \u0623\u0646 \u062a\u0642\u0648\u0645 \u0628\u0630\u0644\u0643 \u0628\u0634\u0643\u0644 \u0639\u0645\u0644\u064a.<br data-start=\"688\" data-end=\"691\" \/>\u2705 <strong data-start=\"693\" data-end=\"719\">\u0634\u0627\u0647\u062f \u0631\u0648\u0627\u0628\u0637 \u0627\u0644\u0641\u064a\u062f\u064a\u0648<\/strong> \u2013 \u0642\u0645 \u0628\u062a\u0635\u0641\u062d \u0631\u0645\u0632 \u0627\u0644\u0627\u0633\u062a\u062c\u0627\u0628\u0629 \u0627\u0644\u0633\u0631\u064a\u0639\u0629 QR \u0645\u0639 \u0627\u0644\u0645\u0648\u0642\u0639\u060c \u0648\u0630\u0644\u0643 \u0644\u0627\u0633\u062a\u062e\u062f\u0627\u0645 \u0627\u0644\u0628\u064a\u0627\u0646\u0627\u062a \u0627\u0644\u0645\u062d\u0630\u0648\u0641\u0629 \u0641\u064a \u0634\u0643\u0644 \u0641\u064a\u0644\u0645 \u0642\u0635\u064a\u0631.<br data-start=\"815\" data-end=\"818\" \/>\u2705 <strong data-start=\"820\" data-end=\"865\">Darmowa zak\u0142adka z znakami bezpiecze\u0144stwa<\/strong> \u2013 podczas nauki and as Material \u0645\u0631\u062c\u0639\u064a\u0629.<\/p>\n<p class=\"\" data-start=\"923\" data-end=\"1170\">\u062d\u0635\u0644\u062a \u0639\u0644\u0649 \u0634\u0647\u0627\u062f\u0629 B-VCA \u0644\u0644\u062a\u062d\u0642\u0642 \u0645\u0646 \u0627\u0644\u0648\u062b\u0627\u0626\u0642 \u0627\u0644\u0645\u0637\u0644\u0648\u0628\u0629 \u0644\u062c\u0648\u062f\u0629 \u0627\u0644\u0627\u062e\u062a\u0628\u0627\u0631\u0627\u062a \u0627\u0644\u062a\u064a \u0623\u062c\u0631\u064a\u062a \u0641\u064a \u0642\u0637\u0627\u0639\u0627\u062a (\u0627\u0644\u0628\u062a\u0631\u0648\u0643\u064a\u0645\u0627\u0648\u064a\u0627\u062a) \u0648\u0627\u0644\u062a\u0639\u062f\u064a\u0646 \u0648\u0627\u0644\u062a\u0639\u062f\u064a\u0646. \u062a\u062a\u064a\u062d \u0644\u0643 \u0647\u0630\u0647 \u0627\u0644\u0634\u0627\u0634\u0629 \u0623\u0646 \u062a\u0643\u0648\u0646 \u0645\u062a\u0645\u0627\u0633\u0643\u0629 \u0648\u0645\u062a\u0645\u0627\u0633\u0643\u0629 \u0639\u0644\u0649 \u0642\u062f\u0645 \u0648\u0633\u0627\u0642.<\/p>\n<p class=\"\" data-start=\"1172\" data-end=\"1236\"><strong data-start=\"1172\" data-end=\"1236\">\u0644\u0642\u062f \u062d\u0627\u0646 \u0627\u0644\u0648\u0642\u062a \u0644\u0644\u0639\u0648\u062f\u0629 \u0625\u0644\u0649 \u0627\u0644\u0639\u0645\u0644 \u0639\u0644\u0649 \u0634\u0647\u0627\u062f\u0629 B-VCA \u0627\u0644\u062e\u0627\u0635\u0629 \u0628\u0643!<\/strong><\/p>","protected":false},"featured_media":7729,"template":"","meta":{"_joinchat":[]},"product_brand":[],"product_cat":[48],"product_tag":[],"class_list":{"0":"post-7728","1":"product","2":"type-product","3":"status-publish","4":"has-post-thumbnail","6":"product_cat-vca-boeken","8":"first","9":"instock","10":"taxable","11":"shipping-taxable","12":"purchasable","13":"product-type-simple"},"_links":{"self":[{"href":"https:\/\/www.examenbureaurotterdam.nl\/ar\/wp-json\/wp\/v2\/product\/7728","targetHints":{"allow":["GET"]}}],"collection":[{"href":"https:\/\/www.examenbureaurotterdam.nl\/ar\/wp-json\/wp\/v2\/product"}],"about":[{"href":"https:\/\/www.examenbureaurotterdam.nl\/ar\/wp-json\/wp\/v2\/types\/product"}],"wp:featuredmedia":[{"embeddable":true,"href":"https:\/\/www.examenbureaurotterdam.nl\/ar\/wp-json\/wp\/v2\/media\/7729"}],"wp:attachment":[{"href":"https:\/\/www.examenbureaurotterdam.nl\/ar\/wp-json\/wp\/v2\/media?parent=7728"}],"wp:term":[{"taxonomy":"product_brand","embeddable":true,"href":"https:\/\/www.examenbureaurotterdam.nl\/ar\/wp-json\/wp\/v2\/product_brand?post=7728"},{"taxonomy":"product_cat","embeddable":true,"href":"https:\/\/www.examenbureaurotterdam.nl\/ar\/wp-json\/wp\/v2\/product_cat?post=7728"},{"taxonomy":"product_tag","embeddable":true,"href":"https:\/\/www.examenbureaurotterdam.nl\/ar\/wp-json\/wp\/v2\/product_tag?post=7728"}],"curies":[{"name":"\u0648\u0648\u0631\u062f\u0628\u0631\u064a\u0633","href":"https:\/\/api.w.org\/{rel}","templated":true}]}}